{"id":385,"date":"2023-07-11T03:35:56","date_gmt":"2023-07-11T01:35:56","guid":{"rendered":"https:\/\/francegites.com\/imaginez-un-studio-de-vacances-confortable-niche-dans-un-endroit-pittoresque-avec-des-vues-a-couper-le-souffle-sur-lestuaire-de-la-gironde-en-charente-maritime-cet-hebergement-bien-concu-offre-un-s\/"},"modified":"2023-07-18T12:13:51","modified_gmt":"2023-07-18T10:13:51","slug":"imaginez-un-studio-de-vacances-confortable-niche-dans-un-endroit-pittoresque-avec-des-vues-a-couper-le-souffle-sur-lestuaire-de-la-gironde-en-charente-maritime-cet-hebergement-bien-concu-offre-un-s","status":"publish","type":"page","link":"https:\/\/francegites.com\/fr\/imaginez-un-studio-de-vacances-confortable-niche-dans-un-endroit-pittoresque-avec-des-vues-a-couper-le-souffle-sur-lestuaire-de-la-gironde-en-charente-maritime-cet-hebergement-bien-concu-offre-un-s\/","title":{"rendered":"L'appartement"},"content":{"rendered":"\n<p class=\"has-text-align-center\" id=\"our-apartment\"><span style=\"color: #002654;\"><strong>Situ\u00e9 au milieu des vignes, notre appartement constitue une base tranquille pour explorer la belle Charente-Maritime. En \u00e9t\u00e9, vous pouvez vous d\u00e9tendre dans votre propre patio, au bord de la piscine ou, les jours de grande chaleur, \u00e0 l'ombre de notre marronnier d'Inde. Vous serez bien accueillis et vous pouvez \u00eatre assur\u00e9s, lors de la r\u00e9servation, qu'il n'y a pas de frais suppl\u00e9mentaires cach\u00e9s.<\/strong><\/span><\/p>\n\n<p class=\"has-text-align-center has-text-color has-medium-font-size\" style=\"color:#002654\"><strong>Nous offrons de g\u00e9n\u00e9reuses r\u00e9ductions pour les s\u00e9jours de sept nuits<\/strong><\/p>\n\n<div class=\"wp-block-buttons is-content-justification-center is-layout-flex wp-container-core-buttons-is-layout-16018d1d wp-block-buttons-is-layout-flex\">\n<div class=\"wp-block-button is-style-fill\"><a class=\"wp-block-button__link has-background wp-element-button\" href=\"https:\/\/francegites.com\/fr\/promotions\/\" style=\"background-color:#002654\">Consultez nos promotions<\/a><\/div>\n<\/div>\n<\/p>\n\n\n<p>\n<\/p><\/p>\n\n<div class=\"wrap plugin-container\">\n\n\t\n\t\n\t<div class=\"vblistcontainer vblistcontainer-list\">\n<ul class=\"vblist\">\n\t<li class=\"room_result\">\n\t\t<div class=\"room_result-inner\">\n\t\t\t<div class=\"vblistroomblock\">\n\t\t\t\t\t\t\t<div class=\"vbimglistdiv\">\n\t\t\t\t\t<a class=\"vbo-roomslist-imglink\" href=\"https:\/\/francegites.com\/fr\/imaginez-un-studio-de-vacances-confortable-niche-dans-un-endroit-pittoresque-avec-des-vues-a-couper-le-souffle-sur-lestuaire-de-la-gironde-en-charente-maritime-cet-hebergement-bien-concu-offre-un-s\/?option=com_vikbooking&amp;view=roomdetails&amp;roomid=1\">\n\t\t\t\t\t\t<img decoding=\"async\" src=\"https:\/\/francegites.com\/wp-content\/plugins\/vikbooking\/site\/resources\/uploads\/le_gite_du_petit_chenac_10.jpg\" alt=\"Le G\u00eete du Petit Chenac\" class=\"vblistimg\"\/>\n\t\t\t\t\t<\/a>\n\t\t\t\t\t\t\t\t\t<div class=\"vbmodalrdetails vbo-roomslist-opengallery-cont\">\n\t\t\t\t\t\t<a href=\"javascript: void(0);\" class=\"vbo-roomslist-opengallery\" data-roomid=\"1\"><i class=\"fas fa-camera\"><\/i><\/a>\n\t\t\t\t\t<\/div>\n\t\t\t\t\t<div class=\"vikfx-gallery\" id=\"vikfx-gallery1\" style=\"display: none;\">\n\t\t\t\t\t\t\t\t\t\t\t<a href=\"https:\/\/francegites.com\/wp-content\/plugins\/vikbooking\/site\/resources\/uploads\/big_panonceau_-_meubl_de_tourisme_2024_-_4_toiles.jpg\" style=\"display: none;\">\n\t\t\t\t\t\t\t<img decoding=\"async\" src=\"https:\/\/francegites.com\/wp-content\/plugins\/vikbooking\/site\/resources\/uploads\/thumb_panonceau_-_meubl_de_tourisme_2024_-_4_toiles.jpg\" alt=\"4 Stars Awarded Jan 2024\" title=\"4 Stars Awarded Jan 2024\" style=\"display: none;\"\/>\n\t\t\t\t\t\t<\/a>\n\t\t\t\t\t\t\t\t\t\t\t\t<a href=\"https:\/\/francegites.com\/wp-content\/plugins\/vikbooking\/site\/resources\/uploads\/big_le_gite_du_petit_chenac_19.jpg\" style=\"display: none;\">\n\t\t\t\t\t\t\t<img decoding=\"async\" src=\"https:\/\/francegites.com\/wp-content\/plugins\/vikbooking\/site\/resources\/uploads\/thumb_le_gite_du_petit_chenac_19.jpg\" alt=\"Secure parking\" title=\"Secure parking\" style=\"display: none;\"\/>\n\t\t\t\t\t\t<\/a>\n\t\t\t\t\t\t\t\t\t\t\t\t<a href=\"https:\/\/francegites.com\/wp-content\/plugins\/vikbooking\/site\/resources\/uploads\/big_driveway.jpg\" style=\"display: none;\">\n\t\t\t\t\t\t\t<img decoding=\"async\" src=\"https:\/\/francegites.com\/wp-content\/plugins\/vikbooking\/site\/resources\/uploads\/thumb_driveway.jpg\" alt=\"Driveway\" title=\"Driveway\" style=\"display: none;\"\/>\n\t\t\t\t\t\t<\/a>\n\t\t\t\t\t\t\t\t\t\t\t\t<a href=\"https:\/\/francegites.com\/wp-content\/plugins\/vikbooking\/site\/resources\/uploads\/big_bed_settee_daytime.jpg\" style=\"display: none;\">\n\t\t\t\t\t\t\t<img decoding=\"async\" src=\"https:\/\/francegites.com\/wp-content\/plugins\/vikbooking\/site\/resources\/uploads\/thumb_bed_settee_daytime.jpg\" alt=\"bed_settee_daytime\" title=\"\" style=\"display: none;\"\/>\n\t\t\t\t\t\t<\/a>\n\t\t\t\t\t\t\t\t\t\t\t\t<a href=\"https:\/\/francegites.com\/wp-content\/plugins\/vikbooking\/site\/resources\/uploads\/big_appartment_from_front_door.jpg\" style=\"display: none;\">\n\t\t\t\t\t\t\t<img decoding=\"async\" src=\"https:\/\/francegites.com\/wp-content\/plugins\/vikbooking\/site\/resources\/uploads\/thumb_appartment_from_front_door.jpg\" alt=\"appartment_from_front_door\" title=\"\" style=\"display: none;\"\/>\n\t\t\t\t\t\t<\/a>\n\t\t\t\t\t\t\t\t\t\t\t\t<a href=\"https:\/\/francegites.com\/wp-content\/plugins\/vikbooking\/site\/resources\/uploads\/big_le_gite_du_petit_chenac_bed_towels_and_door.jpg\" style=\"display: none;\">\n\t\t\t\t\t\t\t<img decoding=\"async\" src=\"https:\/\/francegites.com\/wp-content\/plugins\/vikbooking\/site\/resources\/uploads\/thumb_le_gite_du_petit_chenac_bed_towels_and_door.jpg\" alt=\"Comfortable double bed\" title=\"Comfortable double bed\" style=\"display: none;\"\/>\n\t\t\t\t\t\t<\/a>\n\t\t\t\t\t\t\t\t\t\t\t\t<a href=\"https:\/\/francegites.com\/wp-content\/plugins\/vikbooking\/site\/resources\/uploads\/big_bed_and_towels.jpg\" style=\"display: none;\">\n\t\t\t\t\t\t\t<img decoding=\"async\" src=\"https:\/\/francegites.com\/wp-content\/plugins\/vikbooking\/site\/resources\/uploads\/thumb_bed_and_towels.jpg\" alt=\"bed_and_towels\" title=\"\" style=\"display: none;\"\/>\n\t\t\t\t\t\t<\/a>\n\t\t\t\t\t\t\t\t\t\t\t\t<a href=\"https:\/\/francegites.com\/wp-content\/plugins\/vikbooking\/site\/resources\/uploads\/big_queen_bed_and_fresh_towels.jpg\" style=\"display: none;\">\n\t\t\t\t\t\t\t<img decoding=\"async\" src=\"https:\/\/francegites.com\/wp-content\/plugins\/vikbooking\/site\/resources\/uploads\/thumb_queen_bed_and_fresh_towels.jpg\" alt=\"Queen bed and fresh towels\" title=\"Queen bed and fresh towels\" style=\"display: none;\"\/>\n\t\t\t\t\t\t<\/a>\n\t\t\t\t\t\t\t\t\t\t\t\t<a href=\"https:\/\/francegites.com\/wp-content\/plugins\/vikbooking\/site\/resources\/uploads\/big_green_bed_closed-min.jpg\" style=\"display: none;\">\n\t\t\t\t\t\t\t<img decoding=\"async\" src=\"https:\/\/francegites.com\/wp-content\/plugins\/vikbooking\/site\/resources\/uploads\/thumb_green_bed_closed-min.jpg\" alt=\"Winter bed\" title=\"Winter bed\" style=\"display: none;\"\/>\n\t\t\t\t\t\t<\/a>\n\t\t\t\t\t\t\t\t\t\t\t\t<a href=\"https:\/\/francegites.com\/wp-content\/plugins\/vikbooking\/site\/resources\/uploads\/big_green_bed_open-min.jpg\" style=\"display: none;\">\n\t\t\t\t\t\t\t<img decoding=\"async\" src=\"https:\/\/francegites.com\/wp-content\/plugins\/vikbooking\/site\/resources\/uploads\/thumb_green_bed_open-min.jpg\" alt=\"green_bed_open-min\" title=\"\" style=\"display: none;\"\/>\n\t\t\t\t\t\t<\/a>\n\t\t\t\t\t\t\t\t\t\t\t\t<a href=\"https:\/\/francegites.com\/wp-content\/plugins\/vikbooking\/site\/resources\/uploads\/big_kitchen_and_chest_of_drawers.jpg\" style=\"display: none;\">\n\t\t\t\t\t\t\t<img decoding=\"async\" src=\"https:\/\/francegites.com\/wp-content\/plugins\/vikbooking\/site\/resources\/uploads\/thumb_kitchen_and_chest_of_drawers.jpg\" alt=\"kitchen_and_chest_of_drawers\" title=\"\" style=\"display: none;\"\/>\n\t\t\t\t\t\t<\/a>\n\t\t\t\t\t\t\t\t\t\t\t\t<a href=\"https:\/\/francegites.com\/wp-content\/plugins\/vikbooking\/site\/resources\/uploads\/big_kitchen_-min.jpg\" style=\"display: none;\">\n\t\t\t\t\t\t\t<img decoding=\"async\" src=\"https:\/\/francegites.com\/wp-content\/plugins\/vikbooking\/site\/resources\/uploads\/thumb_kitchen_-min.jpg\" alt=\"kitchen_-min\" title=\"\" style=\"display: none;\"\/>\n\t\t\t\t\t\t<\/a>\n\t\t\t\t\t\t\t\t\t\t\t\t<a href=\"https:\/\/francegites.com\/wp-content\/plugins\/vikbooking\/site\/resources\/uploads\/big_le_gite_du_petit_chenac_woodburner_and_window.jpg\" style=\"display: none;\">\n\t\t\t\t\t\t\t<img decoding=\"async\" src=\"https:\/\/francegites.com\/wp-content\/plugins\/vikbooking\/site\/resources\/uploads\/thumb_le_gite_du_petit_chenac_woodburner_and_window.jpg\" alt=\"le_gite_du_petit_chenac_woodburner_and_window\" title=\"\" style=\"display: none;\"\/>\n\t\t\t\t\t\t<\/a>\n\t\t\t\t\t\t\t\t\t\t\t\t<a href=\"https:\/\/francegites.com\/wp-content\/plugins\/vikbooking\/site\/resources\/uploads\/big_sitting_room_with_woodburner.jpg\" style=\"display: none;\">\n\t\t\t\t\t\t\t<img decoding=\"async\" src=\"https:\/\/francegites.com\/wp-content\/plugins\/vikbooking\/site\/resources\/uploads\/thumb_sitting_room_with_woodburner.jpg\" alt=\"Dining table and wood oven\" title=\"Dining table and wood oven\" style=\"display: none;\"\/>\n\t\t\t\t\t\t<\/a>\n\t\t\t\t\t\t\t\t\t\t\t\t<a href=\"https:\/\/francegites.com\/wp-content\/plugins\/vikbooking\/site\/resources\/uploads\/big_le_gite_du_petit_chenac_shower.jpg\" style=\"display: none;\">\n\t\t\t\t\t\t\t<img decoding=\"async\" src=\"https:\/\/francegites.com\/wp-content\/plugins\/vikbooking\/site\/resources\/uploads\/thumb_le_gite_du_petit_chenac_shower.jpg\" alt=\"Walk in shower\" title=\"Walk in shower\" style=\"display: none;\"\/>\n\t\t\t\t\t\t<\/a>\n\t\t\t\t\t\t\t\t\t\t\t\t<a href=\"https:\/\/francegites.com\/wp-content\/plugins\/vikbooking\/site\/resources\/uploads\/big_salle_deau-min.jpg\" style=\"display: none;\">\n\t\t\t\t\t\t\t<img decoding=\"async\" src=\"https:\/\/francegites.com\/wp-content\/plugins\/vikbooking\/site\/resources\/uploads\/thumb_salle_deau-min.jpg\" alt=\"salle_deau-min\" title=\"\" style=\"display: none;\"\/>\n\t\t\t\t\t\t<\/a>\n\t\t\t\t\t\t\t\t\t\t\t\t<a href=\"https:\/\/francegites.com\/wp-content\/plugins\/vikbooking\/site\/resources\/uploads\/big_shower-min.jpg\" style=\"display: none;\">\n\t\t\t\t\t\t\t<img decoding=\"async\" src=\"https:\/\/francegites.com\/wp-content\/plugins\/vikbooking\/site\/resources\/uploads\/thumb_shower-min.jpg\" alt=\"shower-min\" title=\"\" style=\"display: none;\"\/>\n\t\t\t\t\t\t<\/a>\n\t\t\t\t\t\t\t\t\t\t\t\t<a href=\"https:\/\/francegites.com\/wp-content\/plugins\/vikbooking\/site\/resources\/uploads\/big_le_gite_du_petit_chenac_window_pool_and_plant.jpg\" style=\"display: none;\">\n\t\t\t\t\t\t\t<img decoding=\"async\" src=\"https:\/\/francegites.com\/wp-content\/plugins\/vikbooking\/site\/resources\/uploads\/thumb_le_gite_du_petit_chenac_window_pool_and_plant.jpg\" alt=\"Garden view\" title=\"Garden view\" style=\"display: none;\"\/>\n\t\t\t\t\t\t<\/a>\n\t\t\t\t\t\t\t\t\t\t\t\t<a href=\"https:\/\/francegites.com\/wp-content\/plugins\/vikbooking\/site\/resources\/uploads\/big_le_gite_du_petit_chenac_towels.jpg\" style=\"display: none;\">\n\t\t\t\t\t\t\t<img decoding=\"async\" src=\"https:\/\/francegites.com\/wp-content\/plugins\/vikbooking\/site\/resources\/uploads\/thumb_le_gite_du_petit_chenac_towels.jpg\" alt=\"le_gite_du_petit_chenac_towels\" title=\"\" style=\"display: none;\"\/>\n\t\t\t\t\t\t<\/a>\n\t\t\t\t\t\t\t\t\t\t\t\t<a href=\"https:\/\/francegites.com\/wp-content\/plugins\/vikbooking\/site\/resources\/uploads\/big_le_gite_du_petit_chenac_14.jpg\" style=\"display: none;\">\n\t\t\t\t\t\t\t<img decoding=\"async\" src=\"https:\/\/francegites.com\/wp-content\/plugins\/vikbooking\/site\/resources\/uploads\/thumb_le_gite_du_petit_chenac_14.jpg\" alt=\"le_gite_du_petit_chenac_14\" title=\"\" style=\"display: none;\"\/>\n\t\t\t\t\t\t<\/a>\n\t\t\t\t\t\t\t\t\t\t\t\t<a href=\"https:\/\/francegites.com\/wp-content\/plugins\/vikbooking\/site\/resources\/uploads\/big_le_gite_du_petit_chenac_garden.jpg\" style=\"display: none;\">\n\t\t\t\t\t\t\t<img decoding=\"async\" src=\"https:\/\/francegites.com\/wp-content\/plugins\/vikbooking\/site\/resources\/uploads\/thumb_le_gite_du_petit_chenac_garden.jpg\" alt=\"Garden view\" title=\"Garden view\" style=\"display: none;\"\/>\n\t\t\t\t\t\t<\/a>\n\t\t\t\t\t\t\t\t\t\t\t\t<a href=\"https:\/\/francegites.com\/wp-content\/plugins\/vikbooking\/site\/resources\/uploads\/big_le_gite_du_petit_chenac_pool_august_1.jpg\" style=\"display: none;\">\n\t\t\t\t\t\t\t<img decoding=\"async\" src=\"https:\/\/francegites.com\/wp-content\/plugins\/vikbooking\/site\/resources\/uploads\/thumb_le_gite_du_petit_chenac_pool_august_1.jpg\" alt=\"Pool with estuary view\" title=\"Pool with estuary view\" style=\"display: none;\"\/>\n\t\t\t\t\t\t<\/a>\n\t\t\t\t\t\t\t\t\t\t\t\t<a href=\"https:\/\/francegites.com\/wp-content\/plugins\/vikbooking\/site\/resources\/uploads\/big_view_of_estuary_in_winter.jpg\" style=\"display: none;\">\n\t\t\t\t\t\t\t<img decoding=\"async\" src=\"https:\/\/francegites.com\/wp-content\/plugins\/vikbooking\/site\/resources\/uploads\/thumb_view_of_estuary_in_winter.jpg\" alt=\"Estuary view in winter\" title=\"Estuary view in winter\" style=\"display: none;\"\/>\n\t\t\t\t\t\t<\/a>\n\t\t\t\t\t\t\t\t\t\t\t\t<a href=\"https:\/\/francegites.com\/wp-content\/plugins\/vikbooking\/site\/resources\/uploads\/big_patio_bbq_and_pizza_oven_in_winter.jpg\" style=\"display: none;\">\n\t\t\t\t\t\t\t<img decoding=\"async\" src=\"https:\/\/francegites.com\/wp-content\/plugins\/vikbooking\/site\/resources\/uploads\/thumb_patio_bbq_and_pizza_oven_in_winter.jpg\" alt=\"Patio bbq and pizza oven in winter\" title=\"Patio bbq and pizza oven in winter\" style=\"display: none;\"\/>\n\t\t\t\t\t\t<\/a>\n\t\t\t\t\t\t\t\t\t\t\t\t<a href=\"https:\/\/francegites.com\/wp-content\/plugins\/vikbooking\/site\/resources\/uploads\/big_996patio_in_winter.jpg\" style=\"display: none;\">\n\t\t\t\t\t\t\t<img decoding=\"async\" src=\"https:\/\/francegites.com\/wp-content\/plugins\/vikbooking\/site\/resources\/uploads\/thumb_996patio_in_winter.jpg\" alt=\"Patio in winter\" title=\"Patio in winter\" style=\"display: none;\"\/>\n\t\t\t\t\t\t<\/a>\n\t\t\t\t\t\t\t\t\t\t\t\t<a href=\"https:\/\/francegites.com\/wp-content\/plugins\/vikbooking\/site\/resources\/uploads\/big_terrace_in_winter_.jpg\" style=\"display: none;\">\n\t\t\t\t\t\t\t<img decoding=\"async\" src=\"https:\/\/francegites.com\/wp-content\/plugins\/vikbooking\/site\/resources\/uploads\/thumb_terrace_in_winter_.jpg\" alt=\"Terrace in winter\" title=\"Terrace in winter\" style=\"display: none;\"\/>\n\t\t\t\t\t\t<\/a>\n\t\t\t\t\t\t\t\t\t\t\t\t<a href=\"https:\/\/francegites.com\/wp-content\/plugins\/vikbooking\/site\/resources\/uploads\/big_patio_1.jpg\" style=\"display: none;\">\n\t\t\t\t\t\t\t<img decoding=\"async\" src=\"https:\/\/francegites.com\/wp-content\/plugins\/vikbooking\/site\/resources\/uploads\/thumb_patio_1.jpg\" alt=\"Patio in spring\" title=\"Patio in spring\" style=\"display: none;\"\/>\n\t\t\t\t\t\t<\/a>\n\t\t\t\t\t\t\t\t\t\t\t\t<a href=\"https:\/\/francegites.com\/wp-content\/plugins\/vikbooking\/site\/resources\/uploads\/big_pool_and_patio_4.jpg\" style=\"display: none;\">\n\t\t\t\t\t\t\t<img decoding=\"async\" src=\"https:\/\/francegites.com\/wp-content\/plugins\/vikbooking\/site\/resources\/uploads\/thumb_pool_and_patio_4.jpg\" alt=\"Garden,pool and patio in spring\" title=\"Garden,pool and patio in spring\" style=\"display: none;\"\/>\n\t\t\t\t\t\t<\/a>\n\t\t\t\t\t\t\t\t\t\t\t<\/div>\n\t\t\t\t\t\t\t\t<\/div>\n\t\t\t\t\t\t\t<div class=\"vbo-info-room\">\n\t\t\t\t\t<div class=\"vbdescrlistdiv\">\n\t\t\t\t\t\t<h4 class=\"vbrowcname\">\n\t\t\t\t\t\t\t<a href=\"https:\/\/francegites.com\/fr\/imaginez-un-studio-de-vacances-confortable-niche-dans-un-endroit-pittoresque-avec-des-vues-a-couper-le-souffle-sur-lestuaire-de-la-gironde-en-charente-maritime-cet-hebergement-bien-concu-offre-un-s\/?option=com_vikbooking&amp;view=roomdetails&amp;roomid=1\">Le G\u00eete du Petit Chenac<\/a>\n\t\t\t\t\t\t<\/h4>\n\t\t\t\t\t\t<span class=\"vblistroomcat\"><\/span>\n\t\t\t\t\t\t<div class=\"vbrowcdescr\">L'appartement de vacances du G\u00eete du Petit Chenac offre un espace confortable et bien am\u00e9nag\u00e9 avec une douche \u00e0 l'italienne, des \u00e9quipements de cuisine, une connexion Wi-Fi, une t\u00e9l\u00e9vision et de superbes vues sur l'estuaire de la Gironde. Avec l'acc\u00e8s \u00e0 une piscine et un parking s\u00e9curis\u00e9, il offre tout ce dont vous avez besoin pour un s\u00e9jour relaxant et agr\u00e9able en Charente-Maritime.<\/div>\n\t\t\t\t\t<\/div>\n\t\t\t\t\t\t\t\t\t<div class=\"roomlist_carats\">\n\t\t\t\t\t<div class=\"vbo-room-carats\">\n<span class=\"vbo-room-carat\"><span class=\"vbo-expl\" data-vbo-expl=\"WiFi\"><i class=\"fas fa-wifi vbo-icn-carat vbo-pref-color-text\"><\/i><\/span><\/span>\n<span class=\"vbo-room-carat\"><span class=\"vbo-expl\" data-vbo-expl=\"TV\"><i class=\"fas fa-tv vbo-icn-carat vbo-pref-color-text\"><\/i><\/span><\/span>\n<span class=\"vbo-room-carat\"><span class=\"vbo-expl\" data-vbo-expl=\"Swimming Pool\"><i class=\"fas fa-swimming-pool vbo-icn-carat\"><\/i><\/span><\/span>\n<span class=\"vbo-room-carat\"><span class=\"vbo-expl\" data-vbo-expl=\"Bathroom\"><i class=\"fas fa-bath vbo-icn-carat vbo-pref-color-text\"><\/i><\/span><\/span>\n<span class=\"vbo-room-carat\"><span class=\"vbo-expl\" data-vbo-expl=\"Welcome Basket\"><i class=\"fas fa-gift vbo-icn-carat\"><\/i><\/span><\/span>\n<span class=\"vbo-room-carat\"><span class=\"vbo-expl\" data-vbo-expl=\"Terrace with BBQ\"><i class=\"fas fa-umbrella-beach vbo-icn-carat\"><\/i><\/span><\/span>\n<span class=\"vbo-room-carat\"><span class=\"vbo-expl\" data-vbo-expl=\"Coffee maker\"><i class=\"fas fa-coffee vbo-icn-carat\"><\/i><\/span><\/span>\n<span class=\"vbo-room-carat\"><span class=\"vbo-expl\" data-vbo-expl=\"Kitchen\"><i class=\"fas fa-utensils vbo-icn-carat\"><\/i><\/span><\/span>\n<span class=\"vbo-room-carat\"><span class=\"vbo-expl\" data-vbo-expl=\"No Smoking\"><i class=\"fas fa-smoking-ban vbo-icn-carat\"><\/i><\/span><\/span>\n<span class=\"vbo-room-carat\"><span class=\"vbo-expl\" data-vbo-expl=\"No Pets\"><span class=\"fa-stack \">   <i class=\"fa fa-paw fa-stack-1x\"><\/i>   <i class=\"fa fa-ban fa-stack-1x text-danger\"><\/i> <\/span><\/span><\/span>\n<\/div>\n\t\t\t\t\t<\/div>\n\t\t\t\t\t\t\t\t\t<\/div>\n\t\t\t<\/div>\n\n\t\t\t<div class=\"vbcontdivtot\">\n\t\t\t\t<div class=\"vbdivtot\">\n\t\t\t\t\t<div class=\"vbdivtotinline\">\n\t\t\t\t\t\t<div class=\"vbsrowprice\">\n\t\t\t\t\t\t\t<div class=\"vbrowroomcapacity\">\n\t\t\t\t\t\t\t<i class=\"fas fa-male vbo-pref-color-text\"><\/i><i class=\"fas fa-male vbo-pref-color-text\"><\/i>\t\t\t\t\t\t\t<\/div>\n\t\t\t\t\t\t\t\t\t\t<div class=\"vbsrowpricediv\">\n\t\t\t\t\t\t\t\t<span class=\"room_cost\"><span class=\"vbo_currency\">\u20ac<\/span> <span class=\"vbo_price\">79<\/span><\/span>\n\t\t\t\t\t\t\t\t<span class=\"vbliststartfrom\">Per Night<\/span>\n\t\t\t\t\t\t\t\t\t\t\t\t\t\t\t\t<div class=\"vbliststartfrom-subtxt\">Discount available for 7 Nights<\/div>\n\t\t\t\t\t\t\t\t\t\t\t\t\t\t\t\t<\/div>\n\t\t\t\t\t\t\n\t\t\t\t\t\t<\/div>\n\t\t\t\t\t\t<div class=\"vbselectordiv\">\n\t\t\t\t\t\t\t<div class=\"vbselectr\">\n\t\t\t\t\t\t\t\t<a class=\"btn vbo-pref-color-btn\" href=\"https:\/\/francegites.com\/fr\/imaginez-un-studio-de-vacances-confortable-niche-dans-un-endroit-pittoresque-avec-des-vues-a-couper-le-souffle-sur-lestuaire-de-la-gironde-en-charente-maritime-cet-hebergement-bien-concu-offre-un-s\/?option=com_vikbooking&amp;view=roomdetails&amp;roomid=1\">Details<\/a>\n\t\t\t\t\t\t\t<\/div>\n\t\t\t\t\t\t<\/div>\t\t\t\n\t\t\t\t\t<\/div>\n\t\t\t\t<\/div>\n\t\t\t<\/div>\n\t\t<\/div>\n\t<\/li>\n\t<\/ul>\n<\/div>\n\n\n<\/div>\n\n<\/p>\n\n<p><\/p>\n<\/p>\n","protected":false},"excerpt":{"rendered":"<p>Situ\u00e9 au milieu des vignes, notre appartement constitue une base tranquille pour explorer la belle Charente-Maritime. En \u00e9t\u00e9, vous pouvez vous d\u00e9tendre dans votre propre patio, au bord de la piscine ou, les jours de grande chaleur, \u00e0 l'ombre de notre marronnier d'Inde. Vous serez bien accueillis et vous pouvez \u00eatre assur\u00e9s, lors de la &hellip; <\/p>\n<p class=\"link-more\"><a href=\"https:\/\/francegites.com\/fr\/imaginez-un-studio-de-vacances-confortable-niche-dans-un-endroit-pittoresque-avec-des-vues-a-couper-le-souffle-sur-lestuaire-de-la-gironde-en-charente-maritime-cet-hebergement-bien-concu-offre-un-s\/\" class=\"more-link\"><span class=\"screen-reader-text\"> prova \"L'appartement\"<\/span><\/a><\/p>\n","protected":false},"author":1,"featured_media":503,"parent":0,"menu_order":0,"comment_status":"closed","ping_status":"closed","template":"page-templates\/page-uppersidebar.php","meta":{"footnotes":""},"class_list":["post-385","page","type-page","status-publish","has-post-thumbnail","hentry"],"aioseo_notices":[],"_links":{"self":[{"href":"https:\/\/francegites.com\/fr\/wp-json\/wp\/v2\/pages\/385","targetHints":{"allow":["GET"]}}],"collection":[{"href":"https:\/\/francegites.com\/fr\/wp-json\/wp\/v2\/pages"}],"about":[{"href":"https:\/\/francegites.com\/fr\/wp-json\/wp\/v2\/types\/page"}],"author":[{"embeddable":true,"href":"https:\/\/francegites.com\/fr\/wp-json\/wp\/v2\/users\/1"}],"replies":[{"embeddable":true,"href":"https:\/\/francegites.com\/fr\/wp-json\/wp\/v2\/comments?post=385"}],"version-history":[{"count":0,"href":"https:\/\/francegites.com\/fr\/wp-json\/wp\/v2\/pages\/385\/revisions"}],"wp:featuredmedia":[{"embeddable":true,"href":"https:\/\/francegites.com\/fr\/wp-json\/wp\/v2\/media\/503"}],"wp:attachment":[{"href":"https:\/\/francegites.com\/fr\/wp-json\/wp\/v2\/media?parent=385"}],"curies":[{"name":"wp","href":"https:\/\/api.w.org\/{rel}","templated":true}]}}