{"id":392,"date":"2023-07-11T03:35:57","date_gmt":"2023-07-11T01:35:57","guid":{"rendered":"https:\/\/francegites.com\/disponibilite-generale\/"},"modified":"2023-07-11T03:35:57","modified_gmt":"2023-07-11T01:35:57","slug":"disponibilite-generale","status":"publish","type":"page","link":"https:\/\/francegites.com\/fr\/disponibilite-generale\/","title":{"rendered":"Disponibilit\u00e9 g\u00e9n\u00e9rale"},"content":{"rendered":"\n<div class=\"wrap plugin-container\">\n\n\t\n\t\n\t<h3>Availability Calendar<\/h3>\n\n<div class=\"vbo-availability-controls\">\n\t<form action=\"https:\/\/francegites.com\/general-availability\/?room_ids%5B0%5D=1\" method=\"post\" name=\"vbmonths\">\n\t\t<select name=\"month\" onchange=\"document.vbmonths.submit();\">\n<option value=\"1774994400\" selected=\"selected\">avril 2026<\/option>\n<option value=\"1777586400\">mai 2026<\/option>\n<option value=\"1780264800\">juin 2026<\/option>\n<option value=\"1782856800\">juillet 2026<\/option>\n<option value=\"1785535200\">ao\u00fbt 2026<\/option>\n<option value=\"1788213600\">septembre 2026<\/option>\n<option value=\"1790805600\">octobre 2026<\/option>\n<option value=\"1793487600\">novembre 2026<\/option>\n<option value=\"1796079600\">d\u00e9cembre 2026<\/option>\n<option value=\"1798758000\">janvier 2027<\/option>\n<option value=\"1801436400\">f\u00e9vrier 2027<\/option>\n<option value=\"1803855600\">mars 2027<\/option>\n<option value=\"1806530400\">avril 2027<\/option>\n<\/select>\n\t\t\t<input type=\"hidden\" name=\"room_ids[]\" value=\"1\" \/>\n\t\t\t\t<input type=\"hidden\" name=\"showtype\" value=\"2\" \/>\n\t<\/form>\n\t<div class=\"vblegendediv\">\n\t\t<span class=\"vblegenda\"><span class=\"vblegenda-status vblegfree\">&nbsp;<\/span> <span class=\"vblegenda-lbl\"> Available<\/span><\/span>\n\t\t\t<span class=\"vblegenda\"><span class=\"vblegenda-status vblegbusy\">&nbsp;<\/span> <span class=\"vblegenda-lbl\"> Not Available<\/span><\/span>\n\t<\/div>\n<\/div>\n\t\n<div class=\"vbo-availability-wrapper\">\n\t<div class=\"vbo-availability-room-container\">\n\t\t<div class=\"vbo-availability-room-details\">\n\t\t\t<div class=\"vbo-availability-room-details-first\">\n\t\t\t\t<div class=\"vbo-availability-room-details-left\">\n\t\t\t\t\t\t\t\t\t<img decoding=\"async\" src=\"https:\/\/francegites.com\/wp-content\/plugins\/vikbooking\/site\/resources\/uploads\/le_gite_du_petit_chenac_10.jpg\" alt=\"Le G\u00eete du Petit Chenac\"\/>\n\t\t\t\t\t\t\t\t\t<\/div>\n\t\t\t\t<div class=\"vbo-availability-room-details-right\">\n\t\t\t\t\t<h4>Le G\u00eete du Petit Chenac<\/h4>\n\t\t\t\t\t<div class=\"vbo-availability-room-details-descr\">\n\t\t\t\t\t\tL'appartement de vacances du G\u00eete du Petit Chenac offre un espace confortable et bien am\u00e9nag\u00e9 avec une douche \u00e0 l'italienne, des \u00e9quipements de cuisine, une connexion Wi-Fi, une t\u00e9l\u00e9vision et de superbes vues sur l'estuaire de la Gironde. Avec l'acc\u00e8s \u00e0 une piscine et un parking s\u00e9curis\u00e9, il offre tout ce dont vous avez besoin pour un s\u00e9jour relaxant et agr\u00e9able en Charente-Maritime.\t\t\t\t\t<\/div>\n\t\t\t\t\t\t\t\t\t<div class=\"room_carats\">\n\t\t\t\t\t\t<div class=\"vbo-room-carats\">\n<span class=\"vbo-room-carat\"><span class=\"vbo-expl\" data-vbo-expl=\"WiFi\"><i class=\"fas fa-wifi vbo-icn-carat vbo-pref-color-text\"><\/i><\/span><\/span>\n<span class=\"vbo-room-carat\"><span class=\"vbo-expl\" data-vbo-expl=\"TV\"><i class=\"fas fa-tv vbo-icn-carat vbo-pref-color-text\"><\/i><\/span><\/span>\n<span class=\"vbo-room-carat\"><span class=\"vbo-expl\" data-vbo-expl=\"Swimming Pool\"><i class=\"fas fa-swimming-pool vbo-icn-carat\"><\/i><\/span><\/span>\n<span class=\"vbo-room-carat\"><span class=\"vbo-expl\" data-vbo-expl=\"Bathroom\"><i class=\"fas fa-bath vbo-icn-carat vbo-pref-color-text\"><\/i><\/span><\/span>\n<span class=\"vbo-room-carat\"><span class=\"vbo-expl\" data-vbo-expl=\"Welcome Basket\"><i class=\"fas fa-gift vbo-icn-carat\"><\/i><\/span><\/span>\n<span class=\"vbo-room-carat\"><span class=\"vbo-expl\" data-vbo-expl=\"Terrace with BBQ\"><i class=\"fas fa-umbrella-beach vbo-icn-carat\"><\/i><\/span><\/span>\n<span class=\"vbo-room-carat\"><span class=\"vbo-expl\" data-vbo-expl=\"Coffee maker\"><i class=\"fas fa-coffee vbo-icn-carat\"><\/i><\/span><\/span>\n<span class=\"vbo-room-carat\"><span class=\"vbo-expl\" data-vbo-expl=\"Kitchen\"><i class=\"fas fa-utensils vbo-icn-carat\"><\/i><\/span><\/span>\n<span class=\"vbo-room-carat\"><span class=\"vbo-expl\" data-vbo-expl=\"No Smoking\"><i class=\"fas fa-smoking-ban vbo-icn-carat\"><\/i><\/span><\/span>\n<span class=\"vbo-room-carat\"><span class=\"vbo-expl\" data-vbo-expl=\"No Pets\"><span class=\"fa-stack \">   <i class=\"fa fa-paw fa-stack-1x\"><\/i>   <i class=\"fa fa-ban fa-stack-1x text-danger\"><\/i> <\/span><\/span><\/span>\n<\/div>\n\t\t\t\t\t<\/div>\n\t\t\t\t\t\t\t\t\t<\/div>\n\t\t\t<\/div>\n\t\t\t<div class=\"vbo-availability-room-details-last vbselectr\">\n\t\t\t\t<div class=\"vbo-availability-room-details-last-inner\">\n\t\t\t\t\t<a class=\"btn vbo-pref-color-btn\" id=\"vbo-av-btn-1\" href=\"https:\/\/francegites.com\/fr\/disponibilite-generale\/?option=com_vikbooking&amp;view=roomdetails&amp;roomid=1&amp;checkin=-1\">Book Now<\/a>\n\t\t\t\t<\/div>\n\t\t\t\t<div class=\"vbo-availability-room-details-last-checkin\" id=\"vbo-av-checkin-1\"><i class=\"fas fa-right-to-bracket vbo-pref-color-element\"><\/i> <span><\/span><\/div>\n\t\t\t<\/div>\n\t\t<\/div>\n\t\t<div class=\"vbo-availability-room-monthcal table-responsive\">\n\t\t\t<table class=\"table\" id=\"vbo-av-table-1\" data-room-table=\"1\">\n\t\t\t\t<tr class=\"vbo-availability-room-monthdays\">\n\t\t\t\t\t<td class=\"vbo-availability-month-name vbo-pref-color-text\" rowspan=\"2\">avril 2026<\/td>\n\t\t\t\t\t\t\t\t\t<td class=\"vbo-availability-month-day\">\n\t\t\t\t\t\t<span class=\"vbo-availability-daynumber\">1<\/span>\n\t\t\t\t\t\t<span class=\"vbo-availability-weekday\">Wed<\/span>\n\t\t\t\t\t<\/td>\n\t\t\t\t\t\t\t\t\t\t<td class=\"vbo-availability-month-day\">\n\t\t\t\t\t\t<span class=\"vbo-availability-daynumber\">2<\/span>\n\t\t\t\t\t\t<span class=\"vbo-availability-weekday\">Thu<\/span>\n\t\t\t\t\t<\/td>\n\t\t\t\t\t\t\t\t\t\t<td class=\"vbo-availability-month-day\">\n\t\t\t\t\t\t<span class=\"vbo-availability-daynumber\">3<\/span>\n\t\t\t\t\t\t<span class=\"vbo-availability-weekday\">Fri<\/span>\n\t\t\t\t\t<\/td>\n\t\t\t\t\t\t\t\t\t\t<td class=\"vbo-availability-month-day\">\n\t\t\t\t\t\t<span class=\"vbo-availability-daynumber\">4<\/span>\n\t\t\t\t\t\t<span class=\"vbo-availability-weekday\">Sat<\/span>\n\t\t\t\t\t<\/td>\n\t\t\t\t\t\t\t\t\t\t<td class=\"vbo-availability-month-day\">\n\t\t\t\t\t\t<span class=\"vbo-availability-daynumber\">5<\/span>\n\t\t\t\t\t\t<span class=\"vbo-availability-weekday\">Sun<\/span>\n\t\t\t\t\t<\/td>\n\t\t\t\t\t\t\t\t\t\t<td class=\"vbo-availability-month-day\">\n\t\t\t\t\t\t<span class=\"vbo-availability-daynumber\">6<\/span>\n\t\t\t\t\t\t<span class=\"vbo-availability-weekday\">Mon<\/span>\n\t\t\t\t\t<\/td>\n\t\t\t\t\t\t\t\t\t\t<td class=\"vbo-availability-month-day\">\n\t\t\t\t\t\t<span class=\"vbo-availability-daynumber\">7<\/span>\n\t\t\t\t\t\t<span class=\"vbo-availability-weekday\">Tue<\/span>\n\t\t\t\t\t<\/td>\n\t\t\t\t\t\t\t\t\t\t<td class=\"vbo-availability-month-day\">\n\t\t\t\t\t\t<span class=\"vbo-availability-daynumber\">8<\/span>\n\t\t\t\t\t\t<span class=\"vbo-availability-weekday\">Wed<\/span>\n\t\t\t\t\t<\/td>\n\t\t\t\t\t\t\t\t\t\t<td class=\"vbo-availability-month-day\">\n\t\t\t\t\t\t<span class=\"vbo-availability-daynumber\">9<\/span>\n\t\t\t\t\t\t<span class=\"vbo-availability-weekday\">Thu<\/span>\n\t\t\t\t\t<\/td>\n\t\t\t\t\t\t\t\t\t\t<td class=\"vbo-availability-month-day\">\n\t\t\t\t\t\t<span class=\"vbo-availability-daynumber\">10<\/span>\n\t\t\t\t\t\t<span class=\"vbo-availability-weekday\">Fri<\/span>\n\t\t\t\t\t<\/td>\n\t\t\t\t\t\t\t\t\t\t<td class=\"vbo-availability-month-day\">\n\t\t\t\t\t\t<span class=\"vbo-availability-daynumber\">11<\/span>\n\t\t\t\t\t\t<span class=\"vbo-availability-weekday\">Sat<\/span>\n\t\t\t\t\t<\/td>\n\t\t\t\t\t\t\t\t\t\t<td class=\"vbo-availability-month-day\">\n\t\t\t\t\t\t<span class=\"vbo-availability-daynumber\">12<\/span>\n\t\t\t\t\t\t<span class=\"vbo-availability-weekday\">Sun<\/span>\n\t\t\t\t\t<\/td>\n\t\t\t\t\t\t\t\t\t\t<td class=\"vbo-availability-month-day\">\n\t\t\t\t\t\t<span class=\"vbo-availability-daynumber\">13<\/span>\n\t\t\t\t\t\t<span class=\"vbo-availability-weekday\">Mon<\/span>\n\t\t\t\t\t<\/td>\n\t\t\t\t\t\t\t\t\t\t<td class=\"vbo-availability-month-day\">\n\t\t\t\t\t\t<span class=\"vbo-availability-daynumber\">14<\/span>\n\t\t\t\t\t\t<span class=\"vbo-availability-weekday\">Tue<\/span>\n\t\t\t\t\t<\/td>\n\t\t\t\t\t\t\t\t\t\t<td class=\"vbo-availability-month-day\">\n\t\t\t\t\t\t<span class=\"vbo-availability-daynumber\">15<\/span>\n\t\t\t\t\t\t<span class=\"vbo-availability-weekday\">Wed<\/span>\n\t\t\t\t\t<\/td>\n\t\t\t\t\t\t\t\t\t\t<td class=\"vbo-availability-month-day\">\n\t\t\t\t\t\t<span class=\"vbo-availability-daynumber\">16<\/span>\n\t\t\t\t\t\t<span class=\"vbo-availability-weekday\">Thu<\/span>\n\t\t\t\t\t<\/td>\n\t\t\t\t\t\t\t\t\t\t<td class=\"vbo-availability-month-day\">\n\t\t\t\t\t\t<span class=\"vbo-availability-daynumber\">17<\/span>\n\t\t\t\t\t\t<span class=\"vbo-availability-weekday\">Fri<\/span>\n\t\t\t\t\t<\/td>\n\t\t\t\t\t\t\t\t\t\t<td class=\"vbo-availability-month-day\">\n\t\t\t\t\t\t<span class=\"vbo-availability-daynumber\">18<\/span>\n\t\t\t\t\t\t<span class=\"vbo-availability-weekday\">Sat<\/span>\n\t\t\t\t\t<\/td>\n\t\t\t\t\t\t\t\t\t\t<td class=\"vbo-availability-month-day\">\n\t\t\t\t\t\t<span class=\"vbo-availability-daynumber\">19<\/span>\n\t\t\t\t\t\t<span class=\"vbo-availability-weekday\">Sun<\/span>\n\t\t\t\t\t<\/td>\n\t\t\t\t\t\t\t\t\t\t<td class=\"vbo-availability-month-day\">\n\t\t\t\t\t\t<span class=\"vbo-availability-daynumber\">20<\/span>\n\t\t\t\t\t\t<span class=\"vbo-availability-weekday\">Mon<\/span>\n\t\t\t\t\t<\/td>\n\t\t\t\t\t\t\t\t\t\t<td class=\"vbo-availability-month-day\">\n\t\t\t\t\t\t<span class=\"vbo-availability-daynumber\">21<\/span>\n\t\t\t\t\t\t<span class=\"vbo-availability-weekday\">Tue<\/span>\n\t\t\t\t\t<\/td>\n\t\t\t\t\t\t\t\t\t\t<td class=\"vbo-availability-month-day\">\n\t\t\t\t\t\t<span class=\"vbo-availability-daynumber\">22<\/span>\n\t\t\t\t\t\t<span class=\"vbo-availability-weekday\">Wed<\/span>\n\t\t\t\t\t<\/td>\n\t\t\t\t\t\t\t\t\t\t<td class=\"vbo-availability-month-day\">\n\t\t\t\t\t\t<span class=\"vbo-availability-daynumber\">23<\/span>\n\t\t\t\t\t\t<span class=\"vbo-availability-weekday\">Thu<\/span>\n\t\t\t\t\t<\/td>\n\t\t\t\t\t\t\t\t\t\t<td class=\"vbo-availability-month-day\">\n\t\t\t\t\t\t<span class=\"vbo-availability-daynumber\">24<\/span>\n\t\t\t\t\t\t<span class=\"vbo-availability-weekday\">Fri<\/span>\n\t\t\t\t\t<\/td>\n\t\t\t\t\t\t\t\t\t\t<td class=\"vbo-availability-month-day\">\n\t\t\t\t\t\t<span class=\"vbo-availability-daynumber\">25<\/span>\n\t\t\t\t\t\t<span class=\"vbo-availability-weekday\">Sat<\/span>\n\t\t\t\t\t<\/td>\n\t\t\t\t\t\t\t\t\t\t<td class=\"vbo-availability-month-day\">\n\t\t\t\t\t\t<span class=\"vbo-availability-daynumber\">26<\/span>\n\t\t\t\t\t\t<span class=\"vbo-availability-weekday\">Sun<\/span>\n\t\t\t\t\t<\/td>\n\t\t\t\t\t\t\t\t\t\t<td class=\"vbo-availability-month-day\">\n\t\t\t\t\t\t<span class=\"vbo-availability-daynumber\">27<\/span>\n\t\t\t\t\t\t<span class=\"vbo-availability-weekday\">Mon<\/span>\n\t\t\t\t\t<\/td>\n\t\t\t\t\t\t\t\t\t\t<td class=\"vbo-availability-month-day\">\n\t\t\t\t\t\t<span class=\"vbo-availability-daynumber\">28<\/span>\n\t\t\t\t\t\t<span class=\"vbo-availability-weekday\">Tue<\/span>\n\t\t\t\t\t<\/td>\n\t\t\t\t\t\t\t\t\t\t<td class=\"vbo-availability-month-day\">\n\t\t\t\t\t\t<span class=\"vbo-availability-daynumber\">29<\/span>\n\t\t\t\t\t\t<span class=\"vbo-availability-weekday\">Wed<\/span>\n\t\t\t\t\t<\/td>\n\t\t\t\t\t\t\t\t\t\t<td class=\"vbo-availability-month-day\">\n\t\t\t\t\t\t<span class=\"vbo-availability-daynumber\">30<\/span>\n\t\t\t\t\t\t<span class=\"vbo-availability-weekday\">Thu<\/span>\n\t\t\t\t\t<\/td>\n\t\t\t\t\t\t\t\t\t<\/tr>\n\t\t\t\t<tr class=\"vbo-availability-room-avdays\">\n\t\t\t\t\t\t\t\t\t<td class=\"vbo-occupied-cell\" data-cell-date=\"01\/04\/2026\" data-cell-ts=\"1774994400\"><span class=\"vbo-availability-day-container\" data-units-booked=\"1\" data-units-left=\"0\">0<\/span><\/td>\n\t\t\t\t\t\t\t\t\t\t<td class=\"vbo-occupied-cell\" data-cell-date=\"02\/04\/2026\" data-cell-ts=\"1775080800\"><span class=\"vbo-availability-day-container\" data-units-booked=\"1\" data-units-left=\"0\">0<\/span><\/td>\n\t\t\t\t\t\t\t\t\t\t<td class=\"vbo-occupied-cell\" data-cell-date=\"03\/04\/2026\" data-cell-ts=\"1775167200\"><span class=\"vbo-availability-day-container\" data-units-booked=\"1\" data-units-left=\"0\">0<\/span><\/td>\n\t\t\t\t\t\t\t\t\t\t<td class=\"vbo-free-cell\" data-cell-date=\"04\/04\/2026\" data-cell-ts=\"1775253600\"><\/td>\n\t\t\t\t\t\t\t\t\t\t<td class=\"vbo-free-cell\" data-cell-date=\"05\/04\/2026\" data-cell-ts=\"1775340000\"><\/td>\n\t\t\t\t\t\t\t\t\t\t<td class=\"vbo-free-cell\" data-cell-date=\"06\/04\/2026\" data-cell-ts=\"1775426400\"><\/td>\n\t\t\t\t\t\t\t\t\t\t<td class=\"vbo-free-cell\" data-cell-date=\"07\/04\/2026\" data-cell-ts=\"1775512800\"><\/td>\n\t\t\t\t\t\t\t\t\t\t<td class=\"vbo-free-cell\" data-cell-date=\"08\/04\/2026\" data-cell-ts=\"1775599200\"><\/td>\n\t\t\t\t\t\t\t\t\t\t<td class=\"vbo-free-cell\" data-cell-date=\"09\/04\/2026\" data-cell-ts=\"1775685600\"><\/td>\n\t\t\t\t\t\t\t\t\t\t<td class=\"vbo-free-cell\" data-cell-date=\"10\/04\/2026\" data-cell-ts=\"1775772000\"><\/td>\n\t\t\t\t\t\t\t\t\t\t<td class=\"vbo-free-cell\" data-cell-date=\"11\/04\/2026\" data-cell-ts=\"1775858400\"><\/td>\n\t\t\t\t\t\t\t\t\t\t<td class=\"vbo-free-cell\" data-cell-date=\"12\/04\/2026\" data-cell-ts=\"1775944800\"><\/td>\n\t\t\t\t\t\t\t\t\t\t<td class=\"vbo-free-cell\" data-cell-date=\"13\/04\/2026\" data-cell-ts=\"1776031200\"><\/td>\n\t\t\t\t\t\t\t\t\t\t<td class=\"vbo-free-cell\" data-cell-date=\"14\/04\/2026\" data-cell-ts=\"1776117600\"><\/td>\n\t\t\t\t\t\t\t\t\t\t<td class=\"vbo-free-cell\" data-cell-date=\"15\/04\/2026\" data-cell-ts=\"1776204000\"><\/td>\n\t\t\t\t\t\t\t\t\t\t<td class=\"vbo-free-cell\" data-cell-date=\"16\/04\/2026\" data-cell-ts=\"1776290400\"><\/td>\n\t\t\t\t\t\t\t\t\t\t<td class=\"vbo-free-cell\" data-cell-date=\"17\/04\/2026\" data-cell-ts=\"1776376800\"><\/td>\n\t\t\t\t\t\t\t\t\t\t<td class=\"vbo-free-cell\" data-cell-date=\"18\/04\/2026\" data-cell-ts=\"1776463200\"><\/td>\n\t\t\t\t\t\t\t\t\t\t<td class=\"vbo-free-cell\" data-cell-date=\"19\/04\/2026\" data-cell-ts=\"1776549600\"><\/td>\n\t\t\t\t\t\t\t\t\t\t<td class=\"vbo-free-cell\" data-cell-date=\"20\/04\/2026\" data-cell-ts=\"1776636000\"><\/td>\n\t\t\t\t\t\t\t\t\t\t<td class=\"vbo-free-cell\" data-cell-date=\"21\/04\/2026\" data-cell-ts=\"1776722400\"><\/td>\n\t\t\t\t\t\t\t\t\t\t<td class=\"vbo-occupied-cell vbo-checkinday-cell\" data-cell-date=\"22\/04\/2026\" data-cell-ts=\"1776808800\"><span class=\"vbo-availability-day-container\" data-units-booked=\"1\" data-units-left=\"0\">0<\/span><\/td>\n\t\t\t\t\t\t\t\t\t\t<td class=\"vbo-occupied-cell\" data-cell-date=\"23\/04\/2026\" data-cell-ts=\"1776895200\"><span class=\"vbo-availability-day-container\" data-units-booked=\"1\" data-units-left=\"0\">0<\/span><\/td>\n\t\t\t\t\t\t\t\t\t\t<td class=\"vbo-occupied-cell\" data-cell-date=\"24\/04\/2026\" data-cell-ts=\"1776981600\"><span class=\"vbo-availability-day-container\" data-units-booked=\"1\" data-units-left=\"0\">0<\/span><\/td>\n\t\t\t\t\t\t\t\t\t\t<td class=\"vbo-free-cell\" data-cell-date=\"25\/04\/2026\" data-cell-ts=\"1777068000\"><\/td>\n\t\t\t\t\t\t\t\t\t\t<td class=\"vbo-free-cell\" data-cell-date=\"26\/04\/2026\" data-cell-ts=\"1777154400\"><\/td>\n\t\t\t\t\t\t\t\t\t\t<td class=\"vbo-free-cell\" data-cell-date=\"27\/04\/2026\" data-cell-ts=\"1777240800\"><\/td>\n\t\t\t\t\t\t\t\t\t\t<td class=\"vbo-free-cell\" data-cell-date=\"28\/04\/2026\" data-cell-ts=\"1777327200\"><\/td>\n\t\t\t\t\t\t\t\t\t\t<td class=\"vbo-free-cell\" data-cell-date=\"29\/04\/2026\" data-cell-ts=\"1777413600\"><\/td>\n\t\t\t\t\t\t\t\t\t\t<td class=\"vbo-free-cell\" data-cell-date=\"30\/04\/2026\" data-cell-ts=\"1777500000\"><\/td>\n\t\t\t\t\t\t\t\t\t<\/tr>\n\t\t\t<\/table>\n\t\t<\/div>\n\t<\/div>\n\t<\/div>\n\n<script type=\"text\/javascript\">\njQuery(function() {\n\tjQuery(\".vbo-free-cell, .vbo-partially-cell\").click(function() {\n\t\tvar idroom = jQuery(this).closest(\"table\").attr(\"data-room-table\");\n\t\tvar celldate = jQuery(this).attr(\"data-cell-date\");\n\t\tvar cellts = jQuery(this).attr(\"data-cell-ts\");\n\t\tif (idroom.length && celldate.length && cellts.length) {\n\t\t\tjQuery(\"#vbo-av-checkin-\"+idroom).hide().find(\"span\").text(\"\");\n\t\t\tif (jQuery(\"#vbo-av-btn-\"+idroom).length) {\n\t\t\t\tvar btnlink = jQuery(\"#vbo-av-btn-\"+idroom).attr(\"href\");\n\t\t\t\tif (jQuery(this).hasClass(\"vbo-cell-selected-arrival\")) {\n\t\t\t\t\tjQuery(\"#vbo-av-table-\"+idroom).find(\"tr\").find(\"td\").removeClass(\"vbo-cell-selected-arrival\");\n\t\t\t\t\tjQuery(\"#vbo-av-checkin-\"+idroom).fadeOut().find(\"span\").text(celldate);\n\t\t\t\t\tbtnlink = btnlink.replace(\/(checkin=)[^\\&]+\/, '$1' + \"-1\");\n\t\t\t\t} else {\n\t\t\t\t\tjQuery(\"#vbo-av-table-\"+idroom).find(\"tr\").find(\"td\").removeClass(\"vbo-cell-selected-arrival\");\n\t\t\t\t\tjQuery(this).addClass(\"vbo-cell-selected-arrival\");\n\t\t\t\t\tjQuery(\"#vbo-av-checkin-\"+idroom).fadeIn().find(\"span\").text(celldate);\n\t\t\t\t\tbtnlink = btnlink.replace(\/(checkin=)[^\\&]+\/, '$1' + cellts);\n\t\t\t\t}\n\t\t\t\tjQuery(\"#vbo-av-btn-\"+idroom).attr(\"href\", btnlink);\n\t\t\t}\n\t\t}\n\t});\n});\n<\/script>\n\n<\/div>\n\n","protected":false},"excerpt":{"rendered":"","protected":false},"author":1,"featured_media":310,"parent":0,"menu_order":0,"comment_status":"closed","ping_status":"closed","template":"","meta":{"footnotes":""},"class_list":["post-392","page","type-page","status-publish","has-post-thumbnail","hentry"],"aioseo_notices":[],"_links":{"self":[{"href":"https:\/\/francegites.com\/fr\/wp-json\/wp\/v2\/pages\/392","targetHints":{"allow":["GET"]}}],"collection":[{"href":"https:\/\/francegites.com\/fr\/wp-json\/wp\/v2\/pages"}],"about":[{"href":"https:\/\/francegites.com\/fr\/wp-json\/wp\/v2\/types\/page"}],"author":[{"embeddable":true,"href":"https:\/\/francegites.com\/fr\/wp-json\/wp\/v2\/users\/1"}],"replies":[{"embeddable":true,"href":"https:\/\/francegites.com\/fr\/wp-json\/wp\/v2\/comments?post=392"}],"version-history":[{"count":0,"href":"https:\/\/francegites.com\/fr\/wp-json\/wp\/v2\/pages\/392\/revisions"}],"wp:featuredmedia":[{"embeddable":true,"href":"https:\/\/francegites.com\/fr\/wp-json\/wp\/v2\/media\/310"}],"wp:attachment":[{"href":"https:\/\/francegites.com\/fr\/wp-json\/wp\/v2\/media?parent=392"}],"curies":[{"name":"wp","href":"https:\/\/api.w.org\/{rel}","templated":true}]}}