{"id":398,"date":"2023-07-11T03:35:55","date_gmt":"2023-07-11T01:35:55","guid":{"rendered":"https:\/\/francegites.com\/dates-de-recherche\/"},"modified":"2023-07-16T17:19:23","modified_gmt":"2023-07-16T15:19:23","slug":"dates-de-recherche","status":"publish","type":"page","link":"https:\/\/francegites.com\/fr\/dates-de-recherche\/","title":{"rendered":"Dates de recherche"},"content":{"rendered":"\n<div class=\"wrap plugin-container\">\n\n\t\n\t\n\t\t<div class=\"vbo-js-helpers\" style=\"display: none;\">\n\t\t<div class=\"vbo-add-element-html\">\n\t\t\t<div class=\"vbo-search-num-aduchild-entry\">\n\t\t\t\t<span class=\"vbo-search-roomnum\">Room %d<\/span>\n\t\t\t\t<div class=\"vbo-search-num-adults-entry\">\n\t\t\t\t\t<label class=\"vbo-search-num-adults-entry-label\">Adults<\/label>\n\t\t\t\t\t<span class=\"vbo-search-num-adults-entry-inp\"><select name=\"adults[]\"><option value=\"1\">1<\/option><option value=\"2\">2<\/option><\/select><\/span>\n\t\t\t\t<\/div>\n\t\t\t\t\t\t<\/div>\n\t\t<\/div>\n\t<\/div>\n\n\t<script type=\"text\/javascript\">\n\tfunction vbAddElement() {\n\t\tvar ni = document.getElementById('vbo-search-num-aduchild-block');\n\t\tvar numi = document.getElementById('vbroomhelper');\n\t\tvar num = (document.getElementById('vbroomhelper').value -1)+ 2;\n\t\tnumi.value = num;\n\t\tvar newdiv = document.createElement('div');\n\t\tvar divIdName = 'vb'+num+'racont';\n\t\tnewdiv.setAttribute('id', divIdName);\n\t\tvar new_element_html = document.getElementsByClassName('vbo-add-element-html')[0].innerHTML;\n\t\tvar rp_rgx = new RegExp('%d', 'g');\n\t\tnewdiv.innerHTML = new_element_html.replace(rp_rgx, num);\n\t\tni.appendChild(newdiv);\n\t}\n\tfunction vbSetRoomsAdults(totrooms) {\n\t\tvar actrooms = parseInt(document.getElementById('vbroomhelper').value);\n\t\tvar torooms = parseInt(totrooms);\n\t\tvar difrooms;\n\t\tif(torooms > actrooms) {\n\t\t\tdifrooms = torooms - actrooms;\n\t\t\tfor(var ir = 1; ir <= difrooms; ir++) {\n\t\t\t\tvbAddElement();\n\t\t\t}\n\t\t}\n\t\tif(torooms < actrooms) {\n\t\t\tfor(var ir = actrooms; ir > torooms; ir--) {\n\t\t\t\tif(ir > 1) {\n\t\t\t\t\tvar rmra = document.getElementById('vb' + ir + 'racont');\n\t\t\t\t\trmra.parentNode.removeChild(rmra);\n\t\t\t\t}\n\t\t\t}\n\t\t\tdocument.getElementById('vbroomhelper').value = torooms;\n\t\t}\n\t}\n\tfunction vbCalcNights() {\n\t\tvar vbcheckin = document.getElementById('checkindate').value;\n\t\tvar vbcheckout = document.getElementById('checkoutdate').value;\n\t\tif (vbcheckin.length > 0 && vbcheckout.length > 0) {\n\t\t\tvar vbcheckinp = vbcheckin.split(\"\/\");\n\t\t\tvar vbcheckoutp = vbcheckout.split(\"\/\");\n\t\t\t\t\tvar vbinmonth = parseInt(vbcheckinp[1]);\n\t\t\tvbinmonth = vbinmonth - 1;\n\t\t\tvar vbinday = parseInt(vbcheckinp[0], 10);\n\t\t\tvar vbcheckind = new Date(vbcheckinp[2], vbinmonth, vbinday);\n\t\t\tvar vboutmonth = parseInt(vbcheckoutp[1]);\n\t\t\tvboutmonth = vboutmonth - 1;\n\t\t\tvar vboutday = parseInt(vbcheckoutp[0], 10);\n\t\t\tvar vbcheckoutd = new Date(vbcheckoutp[2], vboutmonth, vboutday);\n\t\t\t\t\t\tvar vbdivider = 1000 * 60 * 60 * 24;\n\t\t\tvar vbints = vbcheckind.getTime();\n\t\t\tvar vboutts = vbcheckoutd.getTime();\n\t\t\tif(vboutts > vbints) {\n\t\t\t\t\/\/var vbnights = Math.ceil((vboutts - vbints) \/ (vbdivider));\n\t\t\t\tvar utc1 = Date.UTC(vbcheckind.getFullYear(), vbcheckind.getMonth(), vbcheckind.getDate());\n\t\t\t\tvar utc2 = Date.UTC(vbcheckoutd.getFullYear(), vbcheckoutd.getMonth(), vbcheckoutd.getDate());\n\t\t\t\tvar vbnights = Math.ceil((utc2 - utc1) \/ vbdivider);\n\t\t\t\tif(vbnights > 0) {\n\t\t\t\t\tdocument.getElementById('vbjstotnights').innerHTML = 'Nights: '+vbnights;\n\t\t\t\t} else {\n\t\t\t\t\tdocument.getElementById('vbjstotnights').innerHTML = '';\n\t\t\t\t}\n\t\t\t} else {\n\t\t\t\tdocument.getElementById('vbjstotnights').innerHTML = '';\n\t\t\t}\n\t\t} else {\n\t\t\tdocument.getElementById('vbjstotnights').innerHTML = '';\n\t\t}\n\t}\n\t<\/script>\n\t<input type=\"hidden\" id=\"vbroomhelper\" value=\"1\"\/>\n\t\t<div class=\"vbo-intro-main\"><h3 data-path-to-node=\"2\"><b data-path-to-node=\"2\" data-index-in-node=\"0\">English<\/b><\/h3>\r\n<p data-path-to-node=\"3\">Welcome to Le G\u00eete du Petit Chenac. Booking with us reserves the dates you have chosen for your stay pending payment. Your reservation will be finalized once we have confirmed payment.<\/p>\r\n\r\n\r\n<hr \/>\r\n\r\n<h3 data-path-to-node=\"4\"><b data-path-to-node=\"4\" data-index-in-node=\"0\">Fran\u00e7ais<\/b><\/h3>\r\n<p data-path-to-node=\"5\">Bienvenue au G\u00eete du Petit Chenac. Votre r\u00e9servation bloque les dates choisies pour votre s\u00e9jour en attendant le r\u00e8glement. Votre r\u00e9servation sera finalis\u00e9e une fois le paiement confirm\u00e9.<\/p><\/div>\n\t<div class=\"vbdivsearch vbo-search-mainview\"><form action=\"https:\/\/francegites.com\/fr\/dates-de-recherche\/?option=com_vikbooking\" method=\"post\"><div class=\"vb-search-inner\">\n<input type=\"hidden\" name=\"option\" value=\"com_vikbooking\"\/>\n<input type=\"hidden\" name=\"task\" value=\"search\"\/>\n<div class=\"vbo-search-inpblock vbo-search-inpblock-checkin\"><label for=\"checkindate\">Check-in date<\/label><div class=\"input-group\"><input type=\"text\" name=\"checkindate\" id=\"checkindate\" size=\"10\" autocomplete=\"off\" onfocus=\"this.blur();\" readonly\/><i class=\"far fa-calendar-days vbo-caltrigger\"><\/i><\/div><input type=\"hidden\" name=\"checkinh\" value=\"16\"\/><input type=\"hidden\" name=\"checkinm\" value=\"0\"\/><\/div>\n<div class=\"vbo-search-inpblock vbo-search-inpblock-checkout\"><label for=\"checkoutdate\">Check-out date<\/label><div class=\"input-group\"><input type=\"text\" name=\"checkoutdate\" id=\"checkoutdate\" size=\"10\" autocomplete=\"off\" onfocus=\"this.blur();\" readonly\/><i class=\"far fa-calendar-days vbo-caltrigger\"><\/i><\/div><input type=\"hidden\" name=\"checkouth\" value=\"10\"\/><input type=\"hidden\" name=\"checkoutm\" value=\"0\"\/><\/div>\n<div class=\"vbo-search-num-racblock\">\n\t<div class=\"vbo-search-num-rooms\"><input type=\"hidden\" name=\"roomsnum\" value=\"1\">\n<\/div>\n\t<div class=\"vbo-search-num-aduchild-block\" id=\"vbo-search-num-aduchild-block\">\n\t\t<div class=\"vbo-search-num-aduchild-entry\">\n\t\t\t<div class=\"vbo-search-num-adults-entry\"><label class=\"vbo-search-num-adults-entry-label\">Adults<\/label><span class=\"vbo-search-num-adults-entry-inp\"><select name=\"adults[]\"><option value=\"1\">1<\/option><option value=\"2\">2<\/option><\/select><\/span><\/div>\n\t\t<\/div>\n\t<\/div>\n\t<div id=\"vbjstotnights\"><\/div>\n<\/div>\n<div class=\"vbo-search-submit\"><button type=\"submit\" class=\"btn vbo-pref-color-btn\">Search<\/button><\/div>\n<\/div>\n<\/form><\/div>\t<div class=\"vbo-closing-main\">English\r\nIf paying via STRIPE: Your card will be pre-authorized. You will receive a final confirmation once the payment is processed.\r\nIf paying via WISE: You will shortly receive a separate custom email with your secure Wise payment link. You can pay easily via Bank Transfer, Card, Apple Pay, or Google Pay.\r\nWhichever payment method you choose, please be assured that Le G\u00eete du Petit Chenac does not have access to, nor do we store, your credit card or bank details. All transactions are processed securely through our authorized payment partners, Stripe and Wise\r\n\r\nSi vous payez via STRIPE : votre carte fera l'objet d'une pr\u00e9-autorisation. Vous recevrez une confirmation finale une fois le paiement trait\u00e9.\r\nSi paiement par WISE : Vous recevrez sous peu un e-mail s\u00e9par\u00e9 avec votre lien de paiement s\u00e9curis\u00e9 Wise. Vous pouvez r\u00e9gler facilement par Virement bancaire, Carte, Apple Pay ou Google Pay.\r\nQuel que soit le mode de paiement choisi, soyez assur\u00e9 que Le G\u00eete du Petit Chenac n'a pas acc\u00e8s \u00e0 vos coordonn\u00e9es bancaires ou de carte de cr\u00e9dit, et ne les stocke pas. Toutes les transactions sont trait\u00e9es de mani\u00e8re s\u00e9curis\u00e9e par nos partenaires de paiement agr\u00e9\u00e9s, Stripe et Wise.<\/div>\n\n\t<script type=\"text\/javascript\">\n\tjQuery(function() {\n\t\tjQuery('.vbo-search-submit').find('button[type=\"submit\"]').on('click', function(e) {\n\t\t\te.preventDefault();\n\t\t\tjQuery(this).prop('disabled', true);\n\t\t\tjQuery(this).html('<i class=\"fas fa-circle-notch fa-spin fa-fw\"><\/i> ' + jQuery(this).text());\n\t\t\tjQuery(this).closest('form').submit();\n\t\t});\n\t});\n\t<\/script>\n\n\t\n<\/div>\n\n\n<p><\/p>\n","protected":false},"excerpt":{"rendered":"","protected":false},"author":1,"featured_media":352,"parent":0,"menu_order":0,"comment_status":"closed","ping_status":"closed","template":"page-templates\/page-uppersidebar.php","meta":{"footnotes":""},"class_list":["post-398","page","type-page","status-publish","has-post-thumbnail","hentry"],"aioseo_notices":[],"_links":{"self":[{"href":"https:\/\/francegites.com\/fr\/wp-json\/wp\/v2\/pages\/398","targetHints":{"allow":["GET"]}}],"collection":[{"href":"https:\/\/francegites.com\/fr\/wp-json\/wp\/v2\/pages"}],"about":[{"href":"https:\/\/francegites.com\/fr\/wp-json\/wp\/v2\/types\/page"}],"author":[{"embeddable":true,"href":"https:\/\/francegites.com\/fr\/wp-json\/wp\/v2\/users\/1"}],"replies":[{"embeddable":true,"href":"https:\/\/francegites.com\/fr\/wp-json\/wp\/v2\/comments?post=398"}],"version-history":[{"count":0,"href":"https:\/\/francegites.com\/fr\/wp-json\/wp\/v2\/pages\/398\/revisions"}],"wp:featuredmedia":[{"embeddable":true,"href":"https:\/\/francegites.com\/fr\/wp-json\/wp\/v2\/media\/352"}],"wp:attachment":[{"href":"https:\/\/francegites.com\/fr\/wp-json\/wp\/v2\/media?parent=398"}],"curies":[{"name":"wp","href":"https:\/\/api.w.org\/{rel}","templated":true}]}}