{"id":401,"date":"2023-07-11T03:35:51","date_gmt":"2023-07-11T01:35:51","guid":{"rendered":"https:\/\/francegites.com\/a-propos-de-nous\/"},"modified":"2024-10-21T19:25:57","modified_gmt":"2024-10-21T17:25:57","slug":"a-propos-de-nous","status":"publish","type":"page","link":"https:\/\/francegites.com\/fr\/a-propos-de-nous\/","title":{"rendered":"\u00c0 PROPOS DE NOUS"},"content":{"rendered":"\n<h3 class=\"font-light\" style=\"margin-bottom: 0px; text-align: center;\">Le G\u00eete du Petit Chenac<\/h3>\n\n<h4 class=\"wp-block-heading has-text-align-center text-color font-light\"><em>philosophie et tradition<\/em><\/h4>\n\n<p class=\"has-text-align-center\"><\/p>\n\n<p>Dans notre maison paisible nich\u00e9e au milieu des vignes, nous adoptons une philosophie et une tradition de vie relaxante. Nous croyons qu'il faut appr\u00e9cier la beaut\u00e9 de notre environnement et trouver la tranquillit\u00e9 dans la simplicit\u00e9 de la vie. Ici, au milieu des vignobles, nous avons cr\u00e9\u00e9 un havre de paix o\u00f9 nous pouvons nous d\u00e9tendre, nous ressourcer et appr\u00e9cier les merveilles naturelles qui nous entourent.<\/p>\n\n<p>Notre philosophie s'articule autour des principes d'\u00e9quilibre, d'harmonie et de pleine conscience. Nous nous effor\u00e7ons de cr\u00e9er un espace qui nous permette de nous d\u00e9connecter du monde rapide et de nous reconnecter \u00e0 nous-m\u00eames. Entour\u00e9s de vignes, nous nous rappelons la patience et le d\u00e9vouement n\u00e9cessaires pour nourrir et cultiver les raisins, \u00e0 l'image de la patience et de l'attention que nous portons \u00e0 notre propre bien-\u00eatre.<\/p>\n\n<p><\/p>\n\n<p>Dans le cadre de notre tradition, nous appr\u00e9cions \u00e9galement les d\u00e9lices culinaires qu'offre notre environnement. Nous adoptons le concept \"de la ferme \u00e0 la table\", en nous procurant des ingr\u00e9dients frais aupr\u00e8s de producteurs locaux et en les incorporant \u00e0 nos repas. Qu'il s'agisse d'un repas partag\u00e9 avec des amis et la famille ou d'un d\u00eener tranquille en t\u00eate \u00e0 t\u00eate, nous prenons plaisir \u00e0 savourer les saveurs et \u00e0 siroter les vins r\u00e9gionaux que les vignobles nous offrent gracieusement.<\/p>\n\n<p><\/p>\n","protected":false},"excerpt":{"rendered":"<p>Le G\u00eete du Petit Chenac philosophie et tradition Dans notre maison paisible nich\u00e9e au milieu des vignes, nous adoptons une philosophie et une tradition de vie relaxante. Nous croyons qu'il faut appr\u00e9cier la beaut\u00e9 de notre environnement et trouver la tranquillit\u00e9 dans la simplicit\u00e9 de la vie. Ici, au milieu des vignobles, nous avons cr\u00e9\u00e9 &hellip; <\/p>\n<p class=\"link-more\"><a href=\"https:\/\/francegites.com\/fr\/a-propos-de-nous\/\" class=\"more-link\"><span class=\"screen-reader-text\"> prova \"\u00c0 PROPOS DE NOUS\"<\/span><\/a><\/p>\n","protected":false},"author":1,"featured_media":357,"parent":0,"menu_order":0,"comment_status":"closed","ping_status":"closed","template":"page-templates\/page-about.php","meta":{"footnotes":""},"class_list":["post-401","page","type-page","status-publish","has-post-thumbnail","hentry"],"aioseo_notices":[],"_links":{"self":[{"href":"https:\/\/francegites.com\/fr\/wp-json\/wp\/v2\/pages\/401","targetHints":{"allow":["GET"]}}],"collection":[{"href":"https:\/\/francegites.com\/fr\/wp-json\/wp\/v2\/pages"}],"about":[{"href":"https:\/\/francegites.com\/fr\/wp-json\/wp\/v2\/types\/page"}],"author":[{"embeddable":true,"href":"https:\/\/francegites.com\/fr\/wp-json\/wp\/v2\/users\/1"}],"replies":[{"embeddable":true,"href":"https:\/\/francegites.com\/fr\/wp-json\/wp\/v2\/comments?post=401"}],"version-history":[{"count":0,"href":"https:\/\/francegites.com\/fr\/wp-json\/wp\/v2\/pages\/401\/revisions"}],"wp:featuredmedia":[{"embeddable":true,"href":"https:\/\/francegites.com\/fr\/wp-json\/wp\/v2\/media\/357"}],"wp:attachment":[{"href":"https:\/\/francegites.com\/fr\/wp-json\/wp\/v2\/media?parent=401"}],"curies":[{"name":"wp","href":"https:\/\/api.w.org\/{rel}","templated":true}]}}