{"id":404,"date":"2023-07-11T03:35:58","date_gmt":"2023-07-11T01:35:58","guid":{"rendered":"https:\/\/francegites.com\/promotions\/"},"modified":"2024-10-25T21:54:39","modified_gmt":"2024-10-25T19:54:39","slug":"promotions","status":"publish","type":"page","link":"https:\/\/francegites.com\/fr\/promotions\/","title":{"rendered":"Promotions"},"content":{"rendered":"\n<p class=\"has-text-align-center has-text-color has-large-font-size\" style=\"color:#002645\"><strong>Profitez de notre g\u00e9n\u00e9reuse r\u00e9duction pour les r\u00e9servations de 7 nuits. Comme pour tous les s\u00e9jours dans notre appartement 4 \u2605, tout est inclus : linge de lit, serviettes, wifi, t\u00e9l\u00e9vision, th\u00e9, caf\u00e9 et produits pour la salle de douche. <\/strong><\/p>\n\n<div class=\"wrap plugin-container\">\n\n\t\n\t\n\t\t<div class=\"vbo-promotions-container\">\r\n\t\t\t<div class=\"vbo-promotion-details\">\r\n\t\t\t<div class=\"vbo-promotion-det-wrapper\">\r\n\t\t\t\t<div class=\"vbo-promotion-name\">\r\n\t\t\t\t\t<h4>SPRING 15% DISCOUNT APRIL MAY 7 NIGHT STAY<\/h4>\r\n\t\t\t\t<\/div>\r\n\t\t\t\t<div class=\"vbo-promotion-description\">\r\n\t\t\t\t\tEnjoy a 15% discount of stays of 7 nights or more in April and May .Towels, bed linen, and cleaning included.\t\t\t\t<\/div>\r\n\t\t\t<\/div>\r\n\t\t\t<div class=\"vbo-promotion-wrapper\">\r\n\t\t\t\t<div class=\"vbo-promotion-dates\">\r\n\t\t\t\t\t<div class=\"vbo-promotion-dates-left\">\r\n\t\t\t\t\t\t<div class=\"vbo-promotion-date-from\">\r\n\t\t\t\t\t\t\t<span class=\"vbo-promotion-date-label\">From<\/span>\r\n\t\t\t\t\t\t\t<span class=\"vbo-promotion-date-from-sp\">04\/04\/2026<\/span>\r\n\t\t\t\t\t\t<\/div>\r\n\t\t\t\t\t\t<div class=\"vbo-promotion-date-to\">\r\n\t\t\t\t\t\t\t<span class=\"vbo-promotion-date-label\">To<\/span>\r\n\t\t\t\t\t\t\t<span class=\"vbo-promotion-date-to-sp\">31\/05\/2026<\/span>\r\n\t\t\t\t\t\t<\/div>\r\n\t\t\t\t\t<\/div>\r\n\t\t\t\t\t<div class=\"vbo-promotion-dates-right vbo-pref-color-element\">\r\n\t\t\t\t\t\t<i class=\"fas fa-clock\"><\/i>\t\t\t\t\t\t\t\t\t\t\t<div class=\"vbo-promotion-date-validuntil\">\r\n\t\t\t\t\t\t\t<span class=\"vbo-promotion-date-label\">Valid until<\/span>\r\n\t\t\t\t\t\t\t<span>31\/05\/2026<\/span>\r\n\t\t\t\t\t\t<\/div>\r\n\t\t\t\t\t\t\t\t\t\t<\/div>\r\n\t\t\t\t<\/div>\r\n\t\t\t\t<div class=\"vbo-promotion-bottom-block\">\r\n\t\t\t\t\t\t\t\t\t<div class=\"vbo-promotion-rooms-list\">\r\n\t\t\t\t\t\t\t\t\t\t\t<div class=\"vbo-promotion-room-block\">\r\n\t\t\t\t\t\t\t<div class=\"vbo-promotion-room-img\">\r\n\t\t\t\t\t\t\t\t\t\t\t\t\t\t\t<img decoding=\"async\" alt=\"Le G\u00eete du Petit Chenac\" src=\"https:\/\/francegites.com\/wp-content\/plugins\/vikbooking\/site\/resources\/uploads\/le_gite_du_petit_chenac_10.jpg\"\/>\r\n\t\t\t\t\t\t\t\t\t\t\t\t\t\t\t<\/div>\r\n\t\t\t\t\t\t\t<div class=\"vbo-promotion-room-name\">\r\n\t\t\t\t\t\t\t\tLe G\u00eete du Petit Chenac\t\t\t\t\t\t\t<\/div>\r\n\t\t\t\t\t\t\t<div class=\"vbo-promotion-room-book-block\">\r\n\t\t\t\t\t\t\t\t<a class=\"btn vbo-promotion-room-book-link vbo-pref-color-btn\" href=\"https:\/\/francegites.com\/fr\/promotions\/?option=com_vikbooking&amp;view=roomdetails&amp;roomid=1&amp;checkin=1775253600&amp;promo=36\">Book it Now<\/a>\r\n\t\t\t\t\t\t\t<\/div>\r\n\t\t\t\t\t\t<\/div>\r\n\t\t\t\t\t\t\t\t\t\t\t\t<\/div>\r\n\t\t\t\t\t\t\t\t\t\t<div class=\"vbo-promotion-discount\">\r\n\t\t\t\t\t\t<div class=\"vbo-promotion-discount-details vbo-pref-bordertext\">\r\n\t\t\t\t\t\t\t\t\t\t\t\t<span class=\"vbo-promotion-discount-percent-amount\">15%<\/span>\r\n\t\t\t\t\t\t\t<span class=\"vbo-promotion-discount-percent-txt\">Off<\/span>\r\n\t\t\t\t\t\t\t\t\t\t\t\t<\/div>\r\n\t\t\t\t\t<\/div>\r\n\t\t\t\t\t\t\t\t\t<\/div>\r\n\t\t\t<\/div>\r\n\t\t<\/div>\r\n\t\t\t\t<div class=\"vbo-promotion-details\">\r\n\t\t\t<div class=\"vbo-promotion-det-wrapper\">\r\n\t\t\t\t<div class=\"vbo-promotion-name\">\r\n\t\t\t\t\t<h4>EARLY SUMMER 15% DISCOUNT JUNE FOR 7 NIGHTS OR MORE<\/h4>\r\n\t\t\t\t<\/div>\r\n\t\t\t\t<div class=\"vbo-promotion-description\">\r\n\t\t\t\t\tEnjoy a 15% early summer discount for stays of 7 nights or more.\t\t\t\t<\/div>\r\n\t\t\t<\/div>\r\n\t\t\t<div class=\"vbo-promotion-wrapper\">\r\n\t\t\t\t<div class=\"vbo-promotion-dates\">\r\n\t\t\t\t\t<div class=\"vbo-promotion-dates-left\">\r\n\t\t\t\t\t\t<div class=\"vbo-promotion-date-from\">\r\n\t\t\t\t\t\t\t<span class=\"vbo-promotion-date-label\">From<\/span>\r\n\t\t\t\t\t\t\t<span class=\"vbo-promotion-date-from-sp\">01\/06\/2026<\/span>\r\n\t\t\t\t\t\t<\/div>\r\n\t\t\t\t\t\t<div class=\"vbo-promotion-date-to\">\r\n\t\t\t\t\t\t\t<span class=\"vbo-promotion-date-label\">To<\/span>\r\n\t\t\t\t\t\t\t<span class=\"vbo-promotion-date-to-sp\">30\/06\/2026<\/span>\r\n\t\t\t\t\t\t<\/div>\r\n\t\t\t\t\t<\/div>\r\n\t\t\t\t\t<div class=\"vbo-promotion-dates-right vbo-pref-color-element\">\r\n\t\t\t\t\t\t<i class=\"fas fa-clock\"><\/i>\t\t\t\t\t\t\t\t\t\t\t<div class=\"vbo-promotion-date-validuntil\">\r\n\t\t\t\t\t\t\t<span class=\"vbo-promotion-date-label\">Valid until<\/span>\r\n\t\t\t\t\t\t\t<span>30\/06\/2026<\/span>\r\n\t\t\t\t\t\t<\/div>\r\n\t\t\t\t\t\t\t\t\t\t<\/div>\r\n\t\t\t\t<\/div>\r\n\t\t\t\t<div class=\"vbo-promotion-bottom-block\">\r\n\t\t\t\t\t\t\t\t\t<div class=\"vbo-promotion-rooms-list\">\r\n\t\t\t\t\t\t\t\t\t\t\t<div class=\"vbo-promotion-room-block\">\r\n\t\t\t\t\t\t\t<div class=\"vbo-promotion-room-img\">\r\n\t\t\t\t\t\t\t\t\t\t\t\t\t\t\t<img decoding=\"async\" alt=\"Le G\u00eete du Petit Chenac\" src=\"https:\/\/francegites.com\/wp-content\/plugins\/vikbooking\/site\/resources\/uploads\/le_gite_du_petit_chenac_10.jpg\"\/>\r\n\t\t\t\t\t\t\t\t\t\t\t\t\t\t\t<\/div>\r\n\t\t\t\t\t\t\t<div class=\"vbo-promotion-room-name\">\r\n\t\t\t\t\t\t\t\tLe G\u00eete du Petit Chenac\t\t\t\t\t\t\t<\/div>\r\n\t\t\t\t\t\t\t<div class=\"vbo-promotion-room-book-block\">\r\n\t\t\t\t\t\t\t\t<a class=\"btn vbo-promotion-room-book-link vbo-pref-color-btn\" href=\"https:\/\/francegites.com\/fr\/promotions\/?option=com_vikbooking&amp;view=roomdetails&amp;roomid=1&amp;checkin=1780264800&amp;promo=41\">Book it Now<\/a>\r\n\t\t\t\t\t\t\t<\/div>\r\n\t\t\t\t\t\t<\/div>\r\n\t\t\t\t\t\t\t\t\t\t\t\t<\/div>\r\n\t\t\t\t\t\t\t\t\t\t<div class=\"vbo-promotion-discount\">\r\n\t\t\t\t\t\t<div class=\"vbo-promotion-discount-details vbo-pref-bordertext\">\r\n\t\t\t\t\t\t\t\t\t\t\t\t<span class=\"vbo-promotion-discount-percent-amount\">15%<\/span>\r\n\t\t\t\t\t\t\t<span class=\"vbo-promotion-discount-percent-txt\">Off<\/span>\r\n\t\t\t\t\t\t\t\t\t\t\t\t<\/div>\r\n\t\t\t\t\t<\/div>\r\n\t\t\t\t\t\t\t\t\t<\/div>\r\n\t\t\t<\/div>\r\n\t\t<\/div>\r\n\t\t\t\t<div class=\"vbo-promotion-details\">\r\n\t\t\t<div class=\"vbo-promotion-det-wrapper\">\r\n\t\t\t\t<div class=\"vbo-promotion-name\">\r\n\t\t\t\t\t<h4>HIGH SUMMER 10% DISCOUNT JULY AUGUST FOR STAYS OF 7 DAYS OR MORE<\/h4>\r\n\t\t\t\t<\/div>\r\n\t\t\t\t<div class=\"vbo-promotion-description\">\r\n\t\t\t\t\tTake advantage of our generous 10% discount for stays of 7 days or more.Towels,bed linen and cleaning included.\t\t\t\t<\/div>\r\n\t\t\t<\/div>\r\n\t\t\t<div class=\"vbo-promotion-wrapper\">\r\n\t\t\t\t<div class=\"vbo-promotion-dates\">\r\n\t\t\t\t\t<div class=\"vbo-promotion-dates-left\">\r\n\t\t\t\t\t\t<div class=\"vbo-promotion-date-from\">\r\n\t\t\t\t\t\t\t<span class=\"vbo-promotion-date-label\">From<\/span>\r\n\t\t\t\t\t\t\t<span class=\"vbo-promotion-date-from-sp\">01\/07\/2026<\/span>\r\n\t\t\t\t\t\t<\/div>\r\n\t\t\t\t\t\t<div class=\"vbo-promotion-date-to\">\r\n\t\t\t\t\t\t\t<span class=\"vbo-promotion-date-label\">To<\/span>\r\n\t\t\t\t\t\t\t<span class=\"vbo-promotion-date-to-sp\">31\/08\/2026<\/span>\r\n\t\t\t\t\t\t<\/div>\r\n\t\t\t\t\t<\/div>\r\n\t\t\t\t\t<div class=\"vbo-promotion-dates-right vbo-pref-color-element\">\r\n\t\t\t\t\t\t<i class=\"fas fa-clock\"><\/i>\t\t\t\t\t\t\t\t\t\t\t<div class=\"vbo-promotion-date-validuntil\">\r\n\t\t\t\t\t\t\t<span class=\"vbo-promotion-date-label\">Valid until<\/span>\r\n\t\t\t\t\t\t\t<span>31\/08\/2026<\/span>\r\n\t\t\t\t\t\t<\/div>\r\n\t\t\t\t\t\t\t\t\t\t<\/div>\r\n\t\t\t\t<\/div>\r\n\t\t\t\t<div class=\"vbo-promotion-bottom-block\">\r\n\t\t\t\t\t\t\t\t\t<div class=\"vbo-promotion-rooms-list\">\r\n\t\t\t\t\t\t\t\t\t\t\t<div class=\"vbo-promotion-room-block\">\r\n\t\t\t\t\t\t\t<div class=\"vbo-promotion-room-img\">\r\n\t\t\t\t\t\t\t\t\t\t\t\t\t\t\t<img decoding=\"async\" alt=\"Le G\u00eete du Petit Chenac\" src=\"https:\/\/francegites.com\/wp-content\/plugins\/vikbooking\/site\/resources\/uploads\/le_gite_du_petit_chenac_10.jpg\"\/>\r\n\t\t\t\t\t\t\t\t\t\t\t\t\t\t\t<\/div>\r\n\t\t\t\t\t\t\t<div class=\"vbo-promotion-room-name\">\r\n\t\t\t\t\t\t\t\tLe G\u00eete du Petit Chenac\t\t\t\t\t\t\t<\/div>\r\n\t\t\t\t\t\t\t<div class=\"vbo-promotion-room-book-block\">\r\n\t\t\t\t\t\t\t\t<a class=\"btn vbo-promotion-room-book-link vbo-pref-color-btn\" href=\"https:\/\/francegites.com\/fr\/promotions\/?option=com_vikbooking&amp;view=roomdetails&amp;roomid=1&amp;checkin=1782856800&amp;promo=37\">Book it Now<\/a>\r\n\t\t\t\t\t\t\t<\/div>\r\n\t\t\t\t\t\t<\/div>\r\n\t\t\t\t\t\t\t\t\t\t\t\t<\/div>\r\n\t\t\t\t\t\t\t\t\t\t<div class=\"vbo-promotion-discount\">\r\n\t\t\t\t\t\t<div class=\"vbo-promotion-discount-details vbo-pref-bordertext\">\r\n\t\t\t\t\t\t\t\t\t\t\t\t<span class=\"vbo-promotion-discount-percent-amount\">10%<\/span>\r\n\t\t\t\t\t\t\t<span class=\"vbo-promotion-discount-percent-txt\">Off<\/span>\r\n\t\t\t\t\t\t\t\t\t\t\t\t<\/div>\r\n\t\t\t\t\t<\/div>\r\n\t\t\t\t\t\t\t\t\t<\/div>\r\n\t\t\t<\/div>\r\n\t\t<\/div>\r\n\t\t\t\t<div class=\"vbo-promotion-details\">\r\n\t\t\t<div class=\"vbo-promotion-det-wrapper\">\r\n\t\t\t\t<div class=\"vbo-promotion-name\">\r\n\t\t\t\t\t<h4>LATE SUMMER 15% DISCOUNT SEPTEMBER FOR STAYS OF 7 NIGHTS OR MORE<\/h4>\r\n\t\t\t\t<\/div>\r\n\t\t\t\t<div class=\"vbo-promotion-description\">\r\n\t\t\t\t\tEnjoy a 15% discount of stays of 7 nights or more in September.Towels, bed linen, and cleaning included. \t\t\t\t<\/div>\r\n\t\t\t<\/div>\r\n\t\t\t<div class=\"vbo-promotion-wrapper\">\r\n\t\t\t\t<div class=\"vbo-promotion-dates\">\r\n\t\t\t\t\t<div class=\"vbo-promotion-dates-left\">\r\n\t\t\t\t\t\t<div class=\"vbo-promotion-date-from\">\r\n\t\t\t\t\t\t\t<span class=\"vbo-promotion-date-label\">From<\/span>\r\n\t\t\t\t\t\t\t<span class=\"vbo-promotion-date-from-sp\">01\/09\/2026<\/span>\r\n\t\t\t\t\t\t<\/div>\r\n\t\t\t\t\t\t<div class=\"vbo-promotion-date-to\">\r\n\t\t\t\t\t\t\t<span class=\"vbo-promotion-date-label\">To<\/span>\r\n\t\t\t\t\t\t\t<span class=\"vbo-promotion-date-to-sp\">30\/09\/2026<\/span>\r\n\t\t\t\t\t\t<\/div>\r\n\t\t\t\t\t<\/div>\r\n\t\t\t\t\t<div class=\"vbo-promotion-dates-right vbo-pref-color-element\">\r\n\t\t\t\t\t\t<i class=\"fas fa-clock\"><\/i>\t\t\t\t\t\t\t\t\t\t\t<div class=\"vbo-promotion-date-validuntil\">\r\n\t\t\t\t\t\t\t<span class=\"vbo-promotion-date-label\">Valid until<\/span>\r\n\t\t\t\t\t\t\t<span>30\/09\/2026<\/span>\r\n\t\t\t\t\t\t<\/div>\r\n\t\t\t\t\t\t\t\t\t\t<\/div>\r\n\t\t\t\t<\/div>\r\n\t\t\t\t<div class=\"vbo-promotion-bottom-block\">\r\n\t\t\t\t\t\t\t\t\t<div class=\"vbo-promotion-rooms-list\">\r\n\t\t\t\t\t\t\t\t\t\t\t<div class=\"vbo-promotion-room-block\">\r\n\t\t\t\t\t\t\t<div class=\"vbo-promotion-room-img\">\r\n\t\t\t\t\t\t\t\t\t\t\t\t\t\t\t<img decoding=\"async\" alt=\"Le G\u00eete du Petit Chenac\" src=\"https:\/\/francegites.com\/wp-content\/plugins\/vikbooking\/site\/resources\/uploads\/le_gite_du_petit_chenac_10.jpg\"\/>\r\n\t\t\t\t\t\t\t\t\t\t\t\t\t\t\t<\/div>\r\n\t\t\t\t\t\t\t<div class=\"vbo-promotion-room-name\">\r\n\t\t\t\t\t\t\t\tLe G\u00eete du Petit Chenac\t\t\t\t\t\t\t<\/div>\r\n\t\t\t\t\t\t\t<div class=\"vbo-promotion-room-book-block\">\r\n\t\t\t\t\t\t\t\t<a class=\"btn vbo-promotion-room-book-link vbo-pref-color-btn\" href=\"https:\/\/francegites.com\/fr\/promotions\/?option=com_vikbooking&amp;view=roomdetails&amp;roomid=1&amp;checkin=1788213600&amp;promo=38\">Book it Now<\/a>\r\n\t\t\t\t\t\t\t<\/div>\r\n\t\t\t\t\t\t<\/div>\r\n\t\t\t\t\t\t\t\t\t\t\t\t<\/div>\r\n\t\t\t\t\t\t\t\t\t\t<div class=\"vbo-promotion-discount\">\r\n\t\t\t\t\t\t<div class=\"vbo-promotion-discount-details vbo-pref-bordertext\">\r\n\t\t\t\t\t\t\t\t\t\t\t\t<span class=\"vbo-promotion-discount-percent-amount\">15%<\/span>\r\n\t\t\t\t\t\t\t<span class=\"vbo-promotion-discount-percent-txt\">Off<\/span>\r\n\t\t\t\t\t\t\t\t\t\t\t\t<\/div>\r\n\t\t\t\t\t<\/div>\r\n\t\t\t\t\t\t\t\t\t<\/div>\r\n\t\t\t<\/div>\r\n\t\t<\/div>\r\n\t\t\t<\/div>\r\n\t\n<\/div>\n\n","protected":false},"excerpt":{"rendered":"<p>Profitez de notre g\u00e9n\u00e9reuse r\u00e9duction pour les r\u00e9servations de 7 nuits. Comme pour tous les s\u00e9jours dans notre appartement 4 \u2605, tout est inclus : linge de lit, serviettes, wifi, t\u00e9l\u00e9vision, th\u00e9, caf\u00e9 et produits pour la salle de douche.<\/p>\n","protected":false},"author":1,"featured_media":1378,"parent":0,"menu_order":0,"comment_status":"closed","ping_status":"closed","template":"page-templates\/page-uppersidebar.php","meta":{"footnotes":""},"class_list":["post-404","page","type-page","status-publish","has-post-thumbnail","hentry"],"aioseo_notices":[],"_links":{"self":[{"href":"https:\/\/francegites.com\/fr\/wp-json\/wp\/v2\/pages\/404","targetHints":{"allow":["GET"]}}],"collection":[{"href":"https:\/\/francegites.com\/fr\/wp-json\/wp\/v2\/pages"}],"about":[{"href":"https:\/\/francegites.com\/fr\/wp-json\/wp\/v2\/types\/page"}],"author":[{"embeddable":true,"href":"https:\/\/francegites.com\/fr\/wp-json\/wp\/v2\/users\/1"}],"replies":[{"embeddable":true,"href":"https:\/\/francegites.com\/fr\/wp-json\/wp\/v2\/comments?post=404"}],"version-history":[{"count":0,"href":"https:\/\/francegites.com\/fr\/wp-json\/wp\/v2\/pages\/404\/revisions"}],"wp:featuredmedia":[{"embeddable":true,"href":"https:\/\/francegites.com\/fr\/wp-json\/wp\/v2\/media\/1378"}],"wp:attachment":[{"href":"https:\/\/francegites.com\/fr\/wp-json\/wp\/v2\/media?parent=404"}],"curies":[{"name":"wp","href":"https:\/\/api.w.org\/{rel}","templated":true}]}}