{"id":413,"date":"2023-07-11T03:35:48","date_gmt":"2023-07-11T01:35:48","guid":{"rendered":"https:\/\/francegites.com\/un-bel-endroit-pour-se-detendre-sur-la-cote-de-beaute\/"},"modified":"2023-09-15T00:25:43","modified_gmt":"2023-09-14T22:25:43","slug":"un-bel-endroit-pour-se-detendre-sur-la-cote-de-beaute","status":"publish","type":"page","link":"https:\/\/francegites.com\/fr\/","title":{"rendered":"UN BEL ENDROIT POUR SE D\u00c9TENDRE SUR LA C\u00d4TE DE BEAUT\u00c9"},"content":{"rendered":"\n<h3 style=\"text-align: center;\">UN BEL ENDROIT POUR SE D\u00c9TENDRE SUR LA C\u00d4TE DE BEAUT\u00c9<\/h3>\n<p style=\"text-align: center;\">La C\u00f4te de Beaut\u00e9 situ\u00e9e en Charente-Maritime&nbsp; sur la c\u00f4te atlantique de l'ouest de la France&nbsp; offre des paysages c\u00f4tiers \u00e9poustouflants. On y trouve de longues plages de sable, des \u00eeles pittoresques comme l'\u00eele de R\u00e9 et l'\u00eele d'Ol\u00e9ron, et de charmants villages sur le site&nbsp;.<\/p>\n\n<figure class=\"wp-block-gallery has-nested-images columns-default is-cropped wp-block-gallery-1 is-layout-flex wp-block-gallery-is-layout-flex\">\n<figure class=\"wp-block-image\"><img width=\"1024\" height=\"683\" data-id=\"98\"  alt=\"\" class=\"wp-image-98 lws-optimize-lazyload\"\/ data-src=\"https:\/\/francegites.com\/wp-content\/uploads\/2023\/07\/Le-Gite-du-Petit-Chenac-16-1024x683.jpg\" srcset=\"https:\/\/francegites.com\/wp-content\/uploads\/2023\/07\/Le-Gite-du-Petit-Chenac-16-1024x683.jpg 1024w, https:\/\/francegites.com\/wp-content\/uploads\/2023\/07\/Le-Gite-du-Petit-Chenac-16-300x200.jpg 300w, https:\/\/francegites.com\/wp-content\/uploads\/2023\/07\/Le-Gite-du-Petit-Chenac-16-768x512.jpg 768w, https:\/\/francegites.com\/wp-content\/uploads\/2023\/07\/Le-Gite-du-Petit-Chenac-16-1536x1024.jpg 1536w, https:\/\/francegites.com\/wp-content\/uploads\/2023\/07\/Le-Gite-du-Petit-Chenac-16-2048x1365.jpg 2048w, https:\/\/francegites.com\/wp-content\/uploads\/2023\/07\/Le-Gite-du-Petit-Chenac-16-610x407.jpg 610w, https:\/\/francegites.com\/wp-content\/uploads\/2023\/07\/Le-Gite-du-Petit-Chenac-16-480x320.jpg 480w, https:\/\/francegites.com\/wp-content\/uploads\/2023\/07\/Le-Gite-du-Petit-Chenac-16-720x480.jpg 720w, https:\/\/francegites.com\/wp-content\/uploads\/2023\/07\/Le-Gite-du-Petit-Chenac-16-250x167.jpg 250w, https:\/\/francegites.com\/wp-content\/uploads\/2023\/07\/Le-Gite-du-Petit-Chenac-16-375x250.jpg 375w, https:\/\/francegites.com\/wp-content\/uploads\/2023\/07\/Le-Gite-du-Petit-Chenac-16-150x100.jpg 150w\" sizes=\"(max-width: 1024px) 100vw, 1024px\" \/><\/figure>\n\n\n\n<figure class=\"wp-block-image\"><img width=\"1024\" height=\"683\" data-id=\"99\"  alt=\"\" class=\"wp-image-99 lws-optimize-lazyload\"\/ data-src=\"https:\/\/francegites.com\/wp-content\/uploads\/2023\/07\/Le-Gite-du-Petit-Chenac-17-1024x683.jpg\" srcset=\"https:\/\/francegites.com\/wp-content\/uploads\/2023\/07\/Le-Gite-du-Petit-Chenac-17-1024x683.jpg 1024w, https:\/\/francegites.com\/wp-content\/uploads\/2023\/07\/Le-Gite-du-Petit-Chenac-17-300x200.jpg 300w, https:\/\/francegites.com\/wp-content\/uploads\/2023\/07\/Le-Gite-du-Petit-Chenac-17-768x512.jpg 768w, https:\/\/francegites.com\/wp-content\/uploads\/2023\/07\/Le-Gite-du-Petit-Chenac-17-1536x1024.jpg 1536w, https:\/\/francegites.com\/wp-content\/uploads\/2023\/07\/Le-Gite-du-Petit-Chenac-17-2048x1365.jpg 2048w, https:\/\/francegites.com\/wp-content\/uploads\/2023\/07\/Le-Gite-du-Petit-Chenac-17-610x407.jpg 610w, https:\/\/francegites.com\/wp-content\/uploads\/2023\/07\/Le-Gite-du-Petit-Chenac-17-480x320.jpg 480w, https:\/\/francegites.com\/wp-content\/uploads\/2023\/07\/Le-Gite-du-Petit-Chenac-17-720x480.jpg 720w, https:\/\/francegites.com\/wp-content\/uploads\/2023\/07\/Le-Gite-du-Petit-Chenac-17-250x167.jpg 250w, https:\/\/francegites.com\/wp-content\/uploads\/2023\/07\/Le-Gite-du-Petit-Chenac-17-375x250.jpg 375w, https:\/\/francegites.com\/wp-content\/uploads\/2023\/07\/Le-Gite-du-Petit-Chenac-17-150x100.jpg 150w\" sizes=\"(max-width: 1024px) 100vw, 1024px\" \/><\/figure>\n\n\n\n<figure class=\"wp-block-image size-large\"><img width=\"1024\" height=\"683\" data-id=\"97\"  alt=\"\" class=\"wp-image-97 lws-optimize-lazyload\"\/ data-src=\"https:\/\/francegites.com\/wp-content\/uploads\/2023\/07\/Le-Gite-du-Petit-Chenac-15-1024x683.jpg\" srcset=\"https:\/\/francegites.com\/wp-content\/uploads\/2023\/07\/Le-Gite-du-Petit-Chenac-15-1024x683.jpg 1024w, https:\/\/francegites.com\/wp-content\/uploads\/2023\/07\/Le-Gite-du-Petit-Chenac-15-300x200.jpg 300w, https:\/\/francegites.com\/wp-content\/uploads\/2023\/07\/Le-Gite-du-Petit-Chenac-15-768x512.jpg 768w, https:\/\/francegites.com\/wp-content\/uploads\/2023\/07\/Le-Gite-du-Petit-Chenac-15-1536x1024.jpg 1536w, https:\/\/francegites.com\/wp-content\/uploads\/2023\/07\/Le-Gite-du-Petit-Chenac-15-2048x1365.jpg 2048w, https:\/\/francegites.com\/wp-content\/uploads\/2023\/07\/Le-Gite-du-Petit-Chenac-15-610x407.jpg 610w, https:\/\/francegites.com\/wp-content\/uploads\/2023\/07\/Le-Gite-du-Petit-Chenac-15-480x320.jpg 480w, https:\/\/francegites.com\/wp-content\/uploads\/2023\/07\/Le-Gite-du-Petit-Chenac-15-720x480.jpg 720w, https:\/\/francegites.com\/wp-content\/uploads\/2023\/07\/Le-Gite-du-Petit-Chenac-15-250x167.jpg 250w, https:\/\/francegites.com\/wp-content\/uploads\/2023\/07\/Le-Gite-du-Petit-Chenac-15-375x250.jpg 375w, https:\/\/francegites.com\/wp-content\/uploads\/2023\/07\/Le-Gite-du-Petit-Chenac-15-150x100.jpg 150w\" sizes=\"(max-width: 1024px) 100vw, 1024px\" \/><\/figure>\n<\/figure>\n","protected":false},"excerpt":{"rendered":"<p>UN BEL ENDROIT POUR SE D\u00c9TENDRE SUR LA C\u00d4TE DE BEAUT\u00c9 La C\u00f4te de Beaut\u00e9 situ\u00e9e en Charente-Maritime&nbsp; sur la c\u00f4te atlantique de l'ouest de la France&nbsp; offre des paysages c\u00f4tiers \u00e9poustouflants. On y trouve de longues plages de sable, des \u00eeles pittoresques comme l'\u00eele de R\u00e9 et l'\u00eele d'Ol\u00e9ron, et de charmants villages sur &hellip; <\/p>\n<p class=\"link-more\"><a href=\"https:\/\/francegites.com\/fr\/\" class=\"more-link\"><span class=\"screen-reader-text\"> prova \"UN BEL ENDROIT POUR SE D\u00c9TENDRE SUR LA C\u00d4TE DE BEAUT\u00c9\"<\/span><\/a><\/p>\n","protected":false},"author":1,"featured_media":0,"parent":0,"menu_order":0,"comment_status":"closed","ping_status":"closed","template":"page-templates\/page-homepage.php","meta":{"footnotes":""},"class_list":["post-413","page","type-page","status-publish","hentry"],"aioseo_notices":[],"_links":{"self":[{"href":"https:\/\/francegites.com\/fr\/wp-json\/wp\/v2\/pages\/413","targetHints":{"allow":["GET"]}}],"collection":[{"href":"https:\/\/francegites.com\/fr\/wp-json\/wp\/v2\/pages"}],"about":[{"href":"https:\/\/francegites.com\/fr\/wp-json\/wp\/v2\/types\/page"}],"author":[{"embeddable":true,"href":"https:\/\/francegites.com\/fr\/wp-json\/wp\/v2\/users\/1"}],"replies":[{"embeddable":true,"href":"https:\/\/francegites.com\/fr\/wp-json\/wp\/v2\/comments?post=413"}],"version-history":[{"count":0,"href":"https:\/\/francegites.com\/fr\/wp-json\/wp\/v2\/pages\/413\/revisions"}],"wp:attachment":[{"href":"https:\/\/francegites.com\/fr\/wp-json\/wp\/v2\/media?parent=413"}],"curies":[{"name":"wp","href":"https:\/\/api.w.org\/{rel}","templated":true}]}}