{"id":414,"date":"2023-07-14T16:52:53","date_gmt":"2023-07-14T14:52:53","guid":{"rendered":"https:\/\/francegites.com\/impression\/"},"modified":"2023-07-16T17:19:26","modified_gmt":"2023-07-16T15:19:26","slug":"impression","status":"publish","type":"page","link":"https:\/\/francegites.com\/fr\/impression\/","title":{"rendered":"Impression"},"content":{"rendered":"\n<!-- Legal document generated by Complianz | GDPR\/CCPA Cookie Consent https:\/\/wordpress.org\/plugins\/complianz-gdpr -->\n<div id=\"cmplz-document\" class=\"cmplz-document impressum cmplz-document-all\"><p><i>Cette imprint a \u00e9t\u00e9 mise \u00e0 jour pour la derni\u00e8re fois le 13 f\u00e9vrier 2025.<\/i><\/p><p class=\"cmplz-subtitle\">Le propri\u00e9taire de ce site web est\u00a0:<\/p><p>Graham Hill <br>30 Chemin Du Petit Chenac<br \/>\r\n17120<br \/>\r\nChenac St Seurin d'Uzet<br>France<br>E-mail\u00a0:&nbsp;<span class=\"cmplz-obfuscate\">a&#100;&#109;i&#110;@<span class=\"cmplz-fmail-domain\">e&#120;&#046;com<\/span>&#102;&#114;a&#110;cegi&#116;&#101;&#115;.&#099;om<\/span><br>Num\u00e9ro de t\u00e9l\u00e9phone\u00a0: +33 7 88 12 51 88<br><\/p><p class=\"cmplz-subtitle\">Le(s) repr\u00e9sentant(s) l\u00e9gal(aux) de Graham Hill \u00a0:<\/p><p>Graham Hill<\/p><h2>1. G\u00e9n\u00e9ral<\/h2><p>Nous sommes dispos\u00e9s ou oblig\u00e9s de participer \u00e0 des proc\u00e9dures de r\u00e8glement des litiges devant une commission d\u2019arbitrage des consommateurs.<\/p><\/div>","protected":false},"excerpt":{"rendered":"","protected":false},"author":1,"featured_media":0,"parent":0,"menu_order":0,"comment_status":"closed","ping_status":"closed","template":"","meta":{"footnotes":""},"class_list":["post-414","page","type-page","status-publish","hentry"],"aioseo_notices":[],"_links":{"self":[{"href":"https:\/\/francegites.com\/fr\/wp-json\/wp\/v2\/pages\/414","targetHints":{"allow":["GET"]}}],"collection":[{"href":"https:\/\/francegites.com\/fr\/wp-json\/wp\/v2\/pages"}],"about":[{"href":"https:\/\/francegites.com\/fr\/wp-json\/wp\/v2\/types\/page"}],"author":[{"embeddable":true,"href":"https:\/\/francegites.com\/fr\/wp-json\/wp\/v2\/users\/1"}],"replies":[{"embeddable":true,"href":"https:\/\/francegites.com\/fr\/wp-json\/wp\/v2\/comments?post=414"}],"version-history":[{"count":0,"href":"https:\/\/francegites.com\/fr\/wp-json\/wp\/v2\/pages\/414\/revisions"}],"wp:attachment":[{"href":"https:\/\/francegites.com\/fr\/wp-json\/wp\/v2\/media?parent=414"}],"curies":[{"name":"wp","href":"https:\/\/api.w.org\/{rel}","templated":true}]}}