{"id":631,"date":"2023-07-22T14:49:15","date_gmt":"2023-07-22T12:49:15","guid":{"rendered":"https:\/\/francegites.com\/nous-trouver\/"},"modified":"2025-11-16T20:21:21","modified_gmt":"2025-11-16T19:21:21","slug":"nous-trouver","status":"publish","type":"page","link":"https:\/\/francegites.com\/fr\/nous-trouver\/","title":{"rendered":"Nous trouver"},"content":{"rendered":"\n<h1 class=\"wp-block-heading\">Se rendre \u00e0 Chenac St Seurin D'Uzet<\/h1>\n\n<h2 class=\"wp-block-heading\">RCA<\/h2>\n\n<p class=\"has-text-align-left has-medium-font-size\">Chenac St Seurin D'Uzet est id\u00e9alement situ\u00e9 pour explorer la C\u00f4te de Beaut\u00e9, la C\u00f4te Sauvage et la Saintonge.<\/p>\n\n<p class=\"has-text-align-left has-medium-font-size\">L'acc\u00e8s en voiture est recommand\u00e9. La sortie n\u00b0 36 de l'autoroute A10 \u00e0 PONS est \u00e0 20 minutes.<\/p>\n\n<p class=\"has-text-align-left has-medium-font-size\">Si vous voyagez vers le sud sur l'A10 depuis Paris ou La Rochelle ou vers le nord depuis Bordeaux, c'est la sortie la plus proche et l'itin\u00e9raire suivant la D732 \u00e0 partir d'ici est bien indiqu\u00e9.<\/p>\n\n<p class=\"has-text-align-left has-medium-font-size\">Votre Sat Nav vous conseillera peut-\u00eatre de prendre la sortie N\u00b0 37 Mirambeau et de suivre la D730 mais ce n'est pas l'itin\u00e9raire id\u00e9al.<\/p>\n\n<p class=\"has-text-align-left has-medium-font-size\">En sortant \u00e0 Pons, vous pourrez \u00e9galement vous arr\u00eater aux supermarch\u00e9s Gemozac Super U ou Lidl pour vous approvisionner et faire le plein \u00e0 la station-service Super U 27\/7. On y trouve \u00e9galement un distributeur de baguettes 24 heures sur 24, ainsi qu'une station de lavage et de s\u00e9chage du linge.<\/p>\n\n<h3 class=\"wp-block-heading\">DIRECTIONS<\/h3>\n\n<ol class=\"wp-block-list\">\n<li class=\"has-medium-font-size\">Sortie N\u00b0 36 A10 \u00e0 PONS au rond-point prendre la<sup>1\u00e8re<\/sup> sortie D732 vers Gemozac.<\/li>\n\n\n\n<li class=\"has-medium-font-size\">Suivre la D732 sur 7 km jusqu'au rond-point et prendre la<sup>premi\u00e8re<\/sup> sortie.<\/li>\n\n\n\n<li class=\"has-medium-font-size\">Continuer sur la D732 sur 2 km jusqu'au rond-point, prendre la<sup>2e<\/sup> sortie indiqu\u00e9e Cozes, Cravans, Royan ou s'arr\u00eater \u00e0 Super U ou Lidl.<\/li>\n\n\n\n<li class=\"has-medium-font-size\">Suivre la D732 sur 2 km jusqu'au prochain rond-point et prendre la<sup>deuxi\u00e8me<\/sup> sortie.<\/li>\n\n\n\n<li class=\"has-medium-font-size\">Continuer sur la D732, passer le garage Landrover sur la droite et traverser les chicanes \u00e0 Chadaniers.<\/li>\n\n\n\n<li class=\"has-medium-font-size\">Prendre la deuxi\u00e8me sortie \u00e0 gauche, D244, 3 km jusqu'au carrefour avec la D139.<\/li>\n\n\n\n<li class=\"has-medium-font-size\">Tourner \u00e0 gauche sur la D139, 1 km jusqu'au carrefour.<\/li>\n\n\n\n<li class=\"has-medium-font-size\">Au carrefour, prendre \u00e0 droite et rester sur la D139<\/li>\n\n\n\n<li class=\"has-medium-font-size\">Continuer sur la D139 sur 2 km jusqu'au carrefour avec la route principale D730.<\/li>\n\n\n\n<li class=\"has-medium-font-size\">Continuer tout droit sur la D139 sur la Route de Pineau jusqu'\u00e0 Chenac 4km<\/li>\n\n\n\n<li class=\"has-medium-font-size\">Tourner \u00e0 gauche sur la rue de Vaillons D129 juste apr\u00e8s la mairie sur la droite.<\/li>\n\n\n\n<li class=\"has-medium-font-size\">Suivre Rue de Vaillons 1km jusqu'\u00e0 la bretelle d'acc\u00e8s \u00e0 gauche Chemin Du Petit Chenac<\/li>\n\n\n\n<li class=\"has-medium-font-size\">Tourner \u00e0 droite au sommet de la colline. Le n\u00b0 30 se trouve \u00e0 100 m\u00e8tres sur la gauche.<\/li>\n<\/ol>\n\n<h3 class=\"wp-block-heading\">MAP<\/h3>\n\n<ol class=\"wp-block-list\">\n<li><\/li>\n<\/ol>\n\n<iframe src=\"https:\/\/www.google.com\/maps\/embed?pb=!1m28!1m12!1m3!1d89420.50758138362!2d-0.7952324827032197!3d45.542462228498046!2m3!1f0!2f0!3f0!3m2!1i1024!2i768!4f13.1!4m13!3e0!4m5!1s0x4800554f048f3b91%3A0x4481e1eacefb9752!2sSortie%2036%20P%C3%A9age%20de%20Pons%2C%20Unnamed%20Road%2C%2017800%20Pons!3m2!1d45.5744214!2d-0.5956715!4m5!1s0x4801a4110df667f5%3A0xb5a719bffdc4acff!2s30%20Chemin%20du%20Petit%20Chenac%2C%2017120%20Chenac-Saint-Seurin-d'Uzet%2C%20France!3m2!1d45.509454!2d-0.8315888!5e0!3m2!1sen!2sfr!4v1690028620108!5m2!1sen!2sfr\" width=\"600\" height=\"450\" style=\"border:0;\" allowfullscreen=\"\" loading=\"lazy\" referrerpolicy=\"no-referrer-when-downgrade\"><\/iframe>\n\n<p><\/p>\n\n<p><\/p>\n\n<h2 class=\"wp-block-heading has-medium-font-size\">TERMINAUX DE FERRY<\/h2>\n\n<p class=\"has-medium-font-size\"><a href=\"https:\/\/www.brittany-ferries.co.uk\/\" target=\"_blank\" rel=\"noopener\" title=\"ST MALO BRITTANY FERRIES\">St Malo<\/a> est \u00e0 450 km, soit environ 5 heures, et EuroTunnel \u00e0 Calais \u00e0 800 km, soit un peu plus de 8 heures.<\/p>\n\n<p class=\"has-medium-font-size\">AIRPORTS<\/p>\n\n<p class=\"has-medium-font-size\">Chenac St Seurin D'Uzet se trouve \u00e0 environ 100 km des a\u00e9roports de La Rochelle et de Bordeaux et le trajet par autoroute dure environ une heure et 10 minutes pour les deux. L'a\u00e9roport de Poitiers, situ\u00e9 \u00e0 175 km, prend environ 2 heures sur l'autoroute A10.<\/p>\n\n<h2 class=\"wp-block-heading has-medium-font-size\">LOCATION DE VOITURES<\/h2>\n\n<p class=\"has-medium-font-size\">Les supermarch\u00e9s tels que Leclerc et SuperU proposent \u00e9galement des services de location de voitures, mais il faut s'y prendre \u00e0 l'avance.<\/p>\n\n<h2 class=\"wp-block-heading has-medium-font-size\">RAIL<\/h2>\n\n<p class=\"has-medium-font-size\">La gare SNCF la plus proche est celle de Royan. Les trains circulent vers Bordeaux, Royan et Poitiers. Les services de Royan sont \u00e9galement reli\u00e9s \u00e0 toutes les r\u00e9gions de France et au reste de l'Europe.<\/p>\n\n<p class=\"has-medium-font-size\"><a href=\"https:\/\/www.sncf-connect.com\/en-en\/train\/deals\/journeys-france-and-europe\" target=\"_blank\" rel=\"noopener nofollow sponsored\" title=\"BILLETS SNCF ET CALCUL D'ITIN&#xC9;RAIRES\">Les billets peuvent \u00eatre r\u00e9serv\u00e9s en ligne<\/a><\/p>\n\n<h2 class=\"wp-block-heading has-medium-font-size\">BUS<\/h2>\n\n<p class=\"has-medium-font-size\">Il n'y a pas d'itin\u00e9raire de bus direct pour Chenac St Seurin \u00e0 partir de Royan, mais la voiture Blahblah est quelque chose qui peut \u00eatre envisag\u00e9 avec les pr\u00e9cautions d'usage.  <\/p>\n\n<p><\/p>\n","protected":false},"excerpt":{"rendered":"<p>Se rendre \u00e0 Chenac St Seurin D'Uzet RCA Chenac St Seurin D'Uzet est id\u00e9alement situ\u00e9 pour explorer la C\u00f4te de Beaut\u00e9, la C\u00f4te Sauvage et la Saintonge. L'acc\u00e8s en voiture est recommand\u00e9. La sortie n\u00b0 36 de l'autoroute A10 \u00e0 PONS est \u00e0 20 minutes. Si vous voyagez vers le sud sur l'A10 depuis Paris &hellip; <\/p>\n<p class=\"link-more\"><a href=\"https:\/\/francegites.com\/fr\/nous-trouver\/\" class=\"more-link\"><span class=\"screen-reader-text\"> prova \"Nous trouver\"<\/span><\/a><\/p>\n","protected":false},"author":1,"featured_media":0,"parent":0,"menu_order":0,"comment_status":"closed","ping_status":"closed","template":"","meta":{"footnotes":""},"class_list":["post-631","page","type-page","status-publish","hentry"],"aioseo_notices":[],"_links":{"self":[{"href":"https:\/\/francegites.com\/fr\/wp-json\/wp\/v2\/pages\/631","targetHints":{"allow":["GET"]}}],"collection":[{"href":"https:\/\/francegites.com\/fr\/wp-json\/wp\/v2\/pages"}],"about":[{"href":"https:\/\/francegites.com\/fr\/wp-json\/wp\/v2\/types\/page"}],"author":[{"embeddable":true,"href":"https:\/\/francegites.com\/fr\/wp-json\/wp\/v2\/users\/1"}],"replies":[{"embeddable":true,"href":"https:\/\/francegites.com\/fr\/wp-json\/wp\/v2\/comments?post=631"}],"version-history":[{"count":0,"href":"https:\/\/francegites.com\/fr\/wp-json\/wp\/v2\/pages\/631\/revisions"}],"wp:attachment":[{"href":"https:\/\/francegites.com\/fr\/wp-json\/wp\/v2\/media?parent=631"}],"curies":[{"name":"wp","href":"https:\/\/api.w.org\/{rel}","templated":true}]}}